{"id":1110,"date":"2025-03-31T09:51:24","date_gmt":"2025-03-31T09:51:24","guid":{"rendered":"https:\/\/equality-horse.ch\/?page_id=1110"},"modified":"2025-06-28T09:02:24","modified_gmt":"2025-06-28T09:02:24","slug":"bestseller-futterzusatz-lactanase-pro","status":"publish","type":"page","link":"https:\/\/equality-horse.ch\/de\/bestseller-futterzusatz-lactanase-pro\/","title":{"rendered":"Lactanase Pro"},"content":{"rendered":"\t\t<div data-elementor-type=\"wp-page\" data-elementor-id=\"1110\" class=\"elementor elementor-1110\" data-elementor-settings=\"{&quot;element_pack_global_tooltip_width&quot;:{&quot;unit&quot;:&quot;px&quot;,&quot;size&quot;:&quot;&quot;,&quot;sizes&quot;:[]},&quot;element_pack_global_tooltip_width_tablet&quot;:{&quot;unit&quot;:&quot;px&quot;,&quot;size&quot;:&quot;&quot;,&quot;sizes&quot;:[]},&quot;element_pack_global_tooltip_width_mobile&quot;:{&quot;unit&quot;:&quot;px&quot;,&quot;size&quot;:&quot;&quot;,&quot;sizes&quot;:[]},&quot;element_pack_global_tooltip_padding&quot;:{&quot;unit&quot;:&quot;px&quot;,&quot;top&quot;:&quot;&quot;,&quot;right&quot;:&quot;&quot;,&quot;bottom&quot;:&quot;&quot;,&quot;left&quot;:&quot;&quot;,&quot;isLinked&quot;:true},&quot;element_pack_global_tooltip_padding_tablet&quot;:{&quot;unit&quot;:&quot;px&quot;,&quot;top&quot;:&quot;&quot;,&quot;right&quot;:&quot;&quot;,&quot;bottom&quot;:&quot;&quot;,&quot;left&quot;:&quot;&quot;,&quot;isLinked&quot;:true},&quot;element_pack_global_tooltip_padding_mobile&quot;:{&quot;unit&quot;:&quot;px&quot;,&quot;top&quot;:&quot;&quot;,&quot;right&quot;:&quot;&quot;,&quot;bottom&quot;:&quot;&quot;,&quot;left&quot;:&quot;&quot;,&quot;isLinked&quot;:true},&quot;element_pack_global_tooltip_border_radius&quot;:{&quot;unit&quot;:&quot;px&quot;,&quot;top&quot;:&quot;&quot;,&quot;right&quot;:&quot;&quot;,&quot;bottom&quot;:&quot;&quot;,&quot;left&quot;:&quot;&quot;,&quot;isLinked&quot;:true},&quot;element_pack_global_tooltip_border_radius_tablet&quot;:{&quot;unit&quot;:&quot;px&quot;,&quot;top&quot;:&quot;&quot;,&quot;right&quot;:&quot;&quot;,&quot;bottom&quot;:&quot;&quot;,&quot;left&quot;:&quot;&quot;,&quot;isLinked&quot;:true},&quot;element_pack_global_tooltip_border_radius_mobile&quot;:{&quot;unit&quot;:&quot;px&quot;,&quot;top&quot;:&quot;&quot;,&quot;right&quot;:&quot;&quot;,&quot;bottom&quot;:&quot;&quot;,&quot;left&quot;:&quot;&quot;,&quot;isLinked&quot;:true}}\" data-elementor-post-type=\"page\">\n\t\t\t\t<div data-dce-background-image-url=\"https:\/\/equality-horse.ch\/wp-content\/uploads\/2024\/06\/equality-horse-homescreen-2048x773.jpg\" data-dce-background-overlay-image-url=\"https:\/\/equality-horse.ch\/wp-content\/uploads\/2024\/06\/Ueberlagerung_blau-1536x839.png\" class=\"elementor-element elementor-element-3eb65fc animated-slow e-flex e-con-boxed elementor-invisible e-con e-parent\" data-id=\"3eb65fc\" data-element_type=\"container\" data-e-type=\"container\" data-settings=\"{&quot;background_background&quot;:&quot;classic&quot;,&quot;animation&quot;:&quot;fadeIn&quot;}\">\n\t\t\t\t\t<div class=\"e-con-inner\">\n\t\t\t\t<div class=\"elementor-element elementor-element-d67ca56 elementor-widget__width-inherit elementor-invisible elementor-widget elementor-widget-heading\" data-id=\"d67ca56\" data-element_type=\"widget\" data-e-type=\"widget\" data-settings=\"{&quot;_animation&quot;:&quot;fadeIn&quot;,&quot;_animation_delay&quot;:500}\" data-widget_type=\"heading.default\">\n\t\t\t\t<div class=\"elementor-widget-container\">\n\t\t\t\t\t<h1 class=\"elementor-heading-title elementor-size-default\">Lactanase Pro<\/h1>\t\t\t\t<\/div>\n\t\t\t\t<\/div>\n\t\t\t\t<div class=\"elementor-element elementor-element-0cd8720 elementor-widget__width-inherit elementor-invisible elementor-widget elementor-widget-heading\" data-id=\"0cd8720\" data-element_type=\"widget\" data-e-type=\"widget\" data-settings=\"{&quot;_animation&quot;:&quot;fadeIn&quot;,&quot;_animation_delay&quot;:1000}\" data-widget_type=\"heading.default\">\n\t\t\t\t<div class=\"elementor-widget-container\">\n\t\t\t\t\t<h2 class=\"elementor-heading-title elementor-size-default\">Ideal f\u00fcr die Muskelregeneration von Sportpferden*<\/h2>\t\t\t\t<\/div>\n\t\t\t\t<\/div>\n\t\t\t\t\t<\/div>\n\t\t\t\t<\/div>\n\t\t<div data-dce-background-color=\"#d2d2d1\" data-dce-background-overlay-color=\"#D1D1D1\" class=\"elementor-element elementor-element-2e07ae1 e-flex e-con-boxed elementor-invisible e-con e-parent\" data-id=\"2e07ae1\" data-element_type=\"container\" data-e-type=\"container\" data-settings=\"{&quot;background_background&quot;:&quot;classic&quot;,&quot;animation&quot;:&quot;fadeIn&quot;,&quot;animation_delay&quot;:600}\">\n\t\t\t\t\t<div class=\"e-con-inner\">\n\t\t<div class=\"elementor-element elementor-element-883f9fd e-con-full e-flex e-con e-child\" data-id=\"883f9fd\" data-element_type=\"container\" data-e-type=\"container\">\n\t\t\t\t<div class=\"elementor-element elementor-element-de39155 elementor-widget elementor-widget-heading\" data-id=\"de39155\" data-element_type=\"widget\" data-e-type=\"widget\" data-widget_type=\"heading.default\">\n\t\t\t\t<div class=\"elementor-widget-container\">\n\t\t\t\t\t<h2 class=\"elementor-heading-title elementor-size-default\">Futterzusatz Lactanase Pro Paste <\/h2>\t\t\t\t<\/div>\n\t\t\t\t<\/div>\n\t\t\t\t<div class=\"elementor-element elementor-element-d9e3e9f elementor-widget elementor-widget-text-editor\" data-id=\"d9e3e9f\" data-element_type=\"widget\" data-e-type=\"widget\" data-widget_type=\"text-editor.default\">\n\t\t\t\t<div class=\"elementor-widget-container\">\n\t\t\t\t\t\t\t\t\t<p>*Dr. med. vet. Fabain Huwiler \/ Tier\u00e4rzte Gross\u00e4cker empfiehlt <span style=\"text-decoration: underline;\">Lactanse Pro<\/span> zur Muskelregeneration.<\/p><p>Lactanase Pro ist ein Erg\u00e4nzungsfuttermittel eine wirksame Unterst\u00fctzung f\u00fcr alle Pferde bei intensiver k\u00f6rperlicher Belastung, sowohl in der Vorbereitungsphase als auch an den Wettkampftagen.<\/p><p>Die Paste f\u00f6rdert die schnelle Regeneration und reduziert Muskelverspannungen, was vor allem bei Wettk\u00e4mpfen oder intensiven Trainingseinheiten von grosser Bedeutung ist.<\/p><p>Das Sportpferd ist st\u00e4ndig starken k\u00f6rperlichen und psychischen Belastungen ausgesetzt. Die Wettkampfaktivit\u00e4t verursacht beim Pferd oxidativen Stress mit negativen Auswirkungen auf die Gesundheit und Leistungsf\u00e4higkeit. Um \u00fcber lange Zeit eine optimale k\u00f6rperliche Verfassung zu erhalten, ist die Aufrechterhaltung des Gleichgewichts zwischen Oxidantien und Antioxidantien unerl\u00e4sslich. Lactanase unterst\u00fctzt eine bessere Muskelkondition bei grosser Belastung.<\/p><p>Lactanase Pro von Equality Horse wird von Disziplintier\u00e4rzten Swiss Equestrian empfohlen und wurde sogar bei den Olympischen Spielen in Paris eingesetzt, um die Pferde optimal zu unterst\u00fctzen.<\/p>\t\t\t\t\t\t\t\t<\/div>\n\t\t\t\t<\/div>\n\t\t\t\t<div class=\"elementor-element elementor-element-e77cbe9 elementor-widget elementor-widget-text-editor\" data-id=\"e77cbe9\" data-element_type=\"widget\" data-e-type=\"widget\" data-widget_type=\"text-editor.default\">\n\t\t\t\t<div class=\"elementor-widget-container\">\n\t\t\t\t\t\t\t\t\t<p><strong>Zusammensetzung:<br \/><\/strong>Saccharose, Dextrose, Fructose, Lipons\u00e4ure, Melonensaftkonzentrat (Extramel), Analytische Bestandteile: Feuchtigkeit 49,0 %, Rohprotein 1,0 %, Rohfette 0,5 %, Rohfaser 0,5 %, Rohasche 1,0 %, Natrium 0,2 %<\/p><p><strong>F\u00fctterungsempfehlung<br \/><\/strong>Vor dem Rennen: maximal 1 Spritze pro Woche und \/ oder Wettkampftag 1 Spritze \u2013 zum Mischen in die Futterration.<strong><br \/><\/strong><\/p>\t\t\t\t\t\t\t\t<\/div>\n\t\t\t\t<\/div>\n\t\t\t\t<div data-dce-background-color=\"#97A5C300\" class=\"elementor-element elementor-element-fbfd614 elementor-widget__width-auto elementor-widget elementor-widget-button\" data-id=\"fbfd614\" data-element_type=\"widget\" data-e-type=\"widget\" data-widget_type=\"button.default\">\n\t\t\t\t<div class=\"elementor-widget-container\">\n\t\t\t\t\t\t\t\t\t<div class=\"elementor-button-wrapper\">\n\t\t\t\t\t<a class=\"elementor-button elementor-button-link elementor-size-sm\" href=\"https:\/\/equality-horse.ch\/shop\/\">\n\t\t\t\t\t\t<span class=\"elementor-button-content-wrapper\">\n\t\t\t\t\t\t\t\t\t<span class=\"elementor-button-text\">Shop<\/span>\n\t\t\t\t\t<\/span>\n\t\t\t\t\t<\/a>\n\t\t\t\t<\/div>\n\t\t\t\t\t\t\t\t<\/div>\n\t\t\t\t<\/div>\n\t\t\t\t<\/div>\n\t\t<div data-dce-background-image-url=\"https:\/\/equality-horse.ch\/wp-content\/uploads\/2024\/06\/LACTANASE.png\" class=\"elementor-element elementor-element-a0bb414 e-con-full elementor-hidden-mobile e-flex e-con e-child\" data-id=\"a0bb414\" data-element_type=\"container\" data-e-type=\"container\" data-settings=\"{&quot;background_background&quot;:&quot;classic&quot;}\">\n\t\t\t\t<\/div>\n\t\t\t\t\t<\/div>\n\t\t\t\t<\/div>\n\t\t\t\t<\/div>\n\t\t","protected":false},"excerpt":{"rendered":"<p>Lactanase Pro Ideal f\u00fcr die Muskelregeneration von Sportpferden* Futterzusatz Lactanase Pro Paste *Dr. med. vet. Fabain Huwiler \/ Tier\u00e4rzte Gross\u00e4cker empfiehlt Lactanse Pro zur Muskelregeneration. Lactanase Pro ist ein Erg\u00e4nzungsfuttermittel eine wirksame Unterst\u00fctzung f\u00fcr alle Pferde bei intensiver k\u00f6rperlicher Belastung, sowohl in der Vorbereitungsphase als auch an den Wettkampftagen. Die Paste f\u00f6rdert die schnelle Regeneration [&hellip;]<\/p>\n","protected":false},"author":1,"featured_media":0,"parent":0,"menu_order":0,"comment_status":"closed","ping_status":"closed","template":"","meta":{"footnotes":""},"class_list":["post-1110","page","type-page","status-publish","hentry"],"_links":{"self":[{"href":"https:\/\/equality-horse.ch\/de\/wp-json\/wp\/v2\/pages\/1110","targetHints":{"allow":["GET"]}}],"collection":[{"href":"https:\/\/equality-horse.ch\/de\/wp-json\/wp\/v2\/pages"}],"about":[{"href":"https:\/\/equality-horse.ch\/de\/wp-json\/wp\/v2\/types\/page"}],"author":[{"embeddable":true,"href":"https:\/\/equality-horse.ch\/de\/wp-json\/wp\/v2\/users\/1"}],"replies":[{"embeddable":true,"href":"https:\/\/equality-horse.ch\/de\/wp-json\/wp\/v2\/comments?post=1110"}],"version-history":[{"count":5,"href":"https:\/\/equality-horse.ch\/de\/wp-json\/wp\/v2\/pages\/1110\/revisions"}],"predecessor-version":[{"id":1305,"href":"https:\/\/equality-horse.ch\/de\/wp-json\/wp\/v2\/pages\/1110\/revisions\/1305"}],"wp:attachment":[{"href":"https:\/\/equality-horse.ch\/de\/wp-json\/wp\/v2\/media?parent=1110"}],"curies":[{"name":"wp","href":"https:\/\/api.w.org\/{rel}","templated":true}]}}