{"id":1314,"date":"2025-08-04T14:54:47","date_gmt":"2025-08-04T14:54:47","guid":{"rendered":"https:\/\/equality-horse.ch\/?post_type=product&#038;p=1314"},"modified":"2025-09-29T13:46:58","modified_gmt":"2025-09-29T13:46:58","slug":"muscle-bone-3-5-kg","status":"publish","type":"product","link":"https:\/\/equality-horse.ch\/de\/shop\/muscle-bone-3-5-kg\/","title":{"rendered":"Muscle Bone 3.5 kg"},"content":{"rendered":"<p>F\u00f6rdert Entwicklung und Erhaltung des Skelettsystems und unterst\u00fctzt den Muskel-Sehnen-Apparats. Muscle Bone wird aus hochwertigen Inhaltsstoffen hergestellt, die getestet wurden und f\u00fcr ihre Wirksamkeit bei der Knochenbildung, der Gesundheit von Gelenken, Sehnen und Muskeln sowie der Erhaltung des muskuloskelettalen Systems in optimalem Zustand bekannt sind. F\u00fcr das Knochengewebe: Kalzium-Phosphor-Verh\u00e4ltnis: 2:1, Lithothamnium: Meeresalge, eine nat\u00fcrliche Kalziumquelle, Fermentiertes Sojamehl: Quelle f\u00fcr Vitamin K2 (unterst\u00fctzt die Kalziumeinlagerung in die Knochen). F\u00fcr die Gelenke:Glucosamin: Hauptbestandteil der Knorpelmatrix, Hydrolysiertes Kollagen: Strukturprotein des Knorpels, Methylsulfonylmethan (MSM): Schwefelquelle, S\u00fc\u00dfholzextrakt: liefert Antioxidantien. F\u00fcr das Muskelgewebe: Milchproteinpulver: Quelle f\u00fcr schnell verf\u00fcgbare Proteine, AMIZATE\u00ae: Aminos\u00e4uren, kurzkettige Peptide und Mikron\u00e4hrstoffe aus Fischprotein mit hoher Bioverf\u00fcgbarkeit und schneller Aufnahme. Enth\u00e4lt hydrolysierte Proteine, darf nicht in Wiederk\u00e4uerfutter verwendet werden.<\/p>\n","protected":false},"excerpt":{"rendered":"<p>F\u00f6rdert Entwicklung und Erhaltung des Skelettsystems und unterst\u00fctzt den Muskel-Sehnen-Apparats. Muscle Bone wird aus hochwertigen Inhaltsstoffen hergestellt, die getestet wurden und f\u00fcr ihre Wirksamkeit bei der Knochenbildung, der Gesundheit von Gelenken, Sehnen und Muskeln sowie der Erhaltung des muskuloskelettalen Systems in optimalem Zustand bekannt sind.<\/p>\n","protected":false},"featured_media":1411,"template":"","meta":[],"product_brand":[],"product_cat":[15],"product_tag":[],"class_list":{"0":"post-1314","1":"product","2":"type-product","3":"status-publish","4":"has-post-thumbnail","6":"product_cat-pferd","8":"first","9":"instock","10":"taxable","11":"shipping-taxable","12":"purchasable","13":"product-type-simple"},"_links":{"self":[{"href":"https:\/\/equality-horse.ch\/de\/wp-json\/wp\/v2\/product\/1314","targetHints":{"allow":["GET"]}}],"collection":[{"href":"https:\/\/equality-horse.ch\/de\/wp-json\/wp\/v2\/product"}],"about":[{"href":"https:\/\/equality-horse.ch\/de\/wp-json\/wp\/v2\/types\/product"}],"version-history":[{"count":5,"href":"https:\/\/equality-horse.ch\/de\/wp-json\/wp\/v2\/product\/1314\/revisions"}],"predecessor-version":[{"id":1347,"href":"https:\/\/equality-horse.ch\/de\/wp-json\/wp\/v2\/product\/1314\/revisions\/1347"}],"wp:featuredmedia":[{"embeddable":true,"href":"https:\/\/equality-horse.ch\/de\/wp-json\/wp\/v2\/media\/1411"}],"wp:attachment":[{"href":"https:\/\/equality-horse.ch\/de\/wp-json\/wp\/v2\/media?parent=1314"}],"wp:term":[{"taxonomy":"product_brand","embeddable":true,"href":"https:\/\/equality-horse.ch\/de\/wp-json\/wp\/v2\/product_brand?post=1314"},{"taxonomy":"product_cat","embeddable":true,"href":"https:\/\/equality-horse.ch\/de\/wp-json\/wp\/v2\/product_cat?post=1314"},{"taxonomy":"product_tag","embeddable":true,"href":"https:\/\/equality-horse.ch\/de\/wp-json\/wp\/v2\/product_tag?post=1314"}],"curies":[{"name":"wp","href":"https:\/\/api.w.org\/{rel}","templated":true}]}}