{"id":245,"date":"2024-06-21T11:16:21","date_gmt":"2024-06-21T11:16:21","guid":{"rendered":"https:\/\/equality-horse.ch\/?post_type=product&#038;p=245"},"modified":"2025-09-29T09:18:55","modified_gmt":"2025-09-29T09:18:55","slug":"lactanase-pro-paste-50g","status":"publish","type":"product","link":"https:\/\/equality-horse.ch\/de\/shop\/lactanase-pro-paste-50g\/","title":{"rendered":"Lactanase Pro Paste 50g"},"content":{"rendered":"<p><strong>&#8222;Ideal f\u00fcr die Muskelregeneration von Sportpferden!&#8220;*<\/strong><br \/>\n*Dr. med. vet. Fabian Huwiler von Tier\u00e4rzte Gross\u00e4cker AG, 5644 Auw.<\/p>\n<p>Lactanase Paste f\u00f6rdert die schnelle Erholung und reduziert Muskelverspannungen, was gerade bei Wettk\u00e4mpfen oder intensiven Trainingseinheiten von grosser Bedeutung ist. Empfohlen von Disziplintier\u00e4rzten Swiss Equestrian.<\/p>\n<p>Lactanase ist ein Erg\u00e4nzungsfuttermittel und effektive Unterst\u00fctzung f\u00fcr alle Pferde bei intensiver k\u00f6rperlicher Belastung; sowohl in der Vorbereitungsphase als auch an den Wettkampftagen. Es hilft Muskelverspannungen zu verhindern.<\/p>\n<p>Das Sportpferd ist st\u00e4ndig starken k\u00f6rperlichen und psychischen Belastungen ausgesetzt. Wettkampfaktivit\u00e4t verursacht beim Pferd oxidativen Stress mit negativen Auswirkungen auf Gesundheit und Leistungsf\u00e4higkeit. Um \u00fcber lange Zeit eine optimale k\u00f6rperliche Verfassung zu erhalten, ist die Aufrechterhaltung des Gleichgewichts zwischen Oxidantien und Antioxidantien unerl\u00e4sslich. Lactanase unterst\u00fctzt eine bessere Muskelkondition bei grosser Belastung. Die Lactanase Paste von Equality-Horse wurde sogar bei den Olympischen Spielen in Paris eingesetzt, um die Pferde optimal zu unterst\u00fctzen.<\/p>\n","protected":false},"excerpt":{"rendered":"<p>&#8222;Ideal f\u00fcr die Muskelregeneration von Sportpferden!&#8220; *Dr. med. vet. Fabian Huwiler von Tier\u00e4rzte Gross\u00e4cker AG, 5644 Auw.<\/p>\n<p>Lactanase Paste f\u00f6rdert die schnelle Erholung und reduziert Muskelverspannungen, was gerade bei Wettk\u00e4mpfen oder intensiven Trainingseinheiten von grosser Bedeutung ist. Empfohlen von Disziplintier\u00e4rzten Swiss Equestrian.<\/p>\n<p>Lactanase ist ein Erg\u00e4nzungsfuttermittel und ist eine effektive Unterst\u00fctzung f\u00fcr alle Pferde bei intensiver k\u00f6rperlicher Belastung; sowohl in der Vorbereitungsphase als auch an den Wettkampftagen. Es hilft Muskelverspannungen zu verhindern.<\/p>\n","protected":false},"featured_media":182,"template":"","meta":[],"product_brand":[],"product_cat":[15],"product_tag":[33],"class_list":{"0":"post-245","1":"product","2":"type-product","3":"status-publish","4":"has-post-thumbnail","6":"product_cat-pferd","7":"product_tag-bestseller","9":"first","10":"instock","11":"taxable","12":"shipping-taxable","13":"purchasable","14":"product-type-simple"},"_links":{"self":[{"href":"https:\/\/equality-horse.ch\/de\/wp-json\/wp\/v2\/product\/245","targetHints":{"allow":["GET"]}}],"collection":[{"href":"https:\/\/equality-horse.ch\/de\/wp-json\/wp\/v2\/product"}],"about":[{"href":"https:\/\/equality-horse.ch\/de\/wp-json\/wp\/v2\/types\/product"}],"version-history":[{"count":5,"href":"https:\/\/equality-horse.ch\/de\/wp-json\/wp\/v2\/product\/245\/revisions"}],"predecessor-version":[{"id":1349,"href":"https:\/\/equality-horse.ch\/de\/wp-json\/wp\/v2\/product\/245\/revisions\/1349"}],"wp:featuredmedia":[{"embeddable":true,"href":"https:\/\/equality-horse.ch\/de\/wp-json\/wp\/v2\/media\/182"}],"wp:attachment":[{"href":"https:\/\/equality-horse.ch\/de\/wp-json\/wp\/v2\/media?parent=245"}],"wp:term":[{"taxonomy":"product_brand","embeddable":true,"href":"https:\/\/equality-horse.ch\/de\/wp-json\/wp\/v2\/product_brand?post=245"},{"taxonomy":"product_cat","embeddable":true,"href":"https:\/\/equality-horse.ch\/de\/wp-json\/wp\/v2\/product_cat?post=245"},{"taxonomy":"product_tag","embeddable":true,"href":"https:\/\/equality-horse.ch\/de\/wp-json\/wp\/v2\/product_tag?post=245"}],"curies":[{"name":"wp","href":"https:\/\/api.w.org\/{rel}","templated":true}]}}