{"id":335,"date":"2024-06-20T07:46:32","date_gmt":"2024-06-20T07:46:32","guid":{"rendered":"https:\/\/equality-horse.ch\/?post_type=product&#038;p=335"},"modified":"2025-07-30T14:19:13","modified_gmt":"2025-07-30T14:19:13","slug":"myristol-fuer-hunde-100-tabletten","status":"publish","type":"product","link":"https:\/\/equality-horse.ch\/de\/shop\/myristol-fuer-hunde-100-tabletten\/","title":{"rendered":"Myristol f\u00fcr Hunde, 100 Tabletten"},"content":{"rendered":"<p>F\u00fcr starke Knochen und gesunde Gelenke! Hilft die Beweglichkeit und Flexibilit\u00e4t wiederherzustellen, kann aber auch prophylaktisch helfen. In Kombination mit einer sorgf\u00e4ltigen Ern\u00e4hrung und Bewegung ist Myristol ein ideales Erg\u00e4nzungsfuttermittel und hilft den Gelenkverschleiss unter Kontrolle zu halten, insbesondere bei Rassen, die von Arthritis bedroht sind. Die Inhaltstoffe helfen Schmerzen und Entz\u00fcndungen zu lindern.<\/p>\n<p>Je nach K\u00f6pergewicht t\u00e4glich \u00bd (5kg) bis 3 (36kg) verf\u00fcttern.<\/p>\n","protected":false},"excerpt":{"rendered":"<p>f\u00fcr starke Knochen und gesunde Gelenke<\/p>\n<p>Kann dazu beitragen, die Beweglichkeit und Flexibilit\u00e4t wiederherzustellen, kann aber auch prophylaktisch helfen. In Kombination mit einer sorgf\u00e4ltigen Ern\u00e4hrung und Bewegung ist Myristol ein ideales Erg\u00e4nzungsfuttermittel und kann dazu beitragen den Gelenkverschleiss unter Kontrolle zu halten, insbesondere bei Rassen, die von Arthritis bedroht sind.<\/p>\n","protected":false},"featured_media":325,"template":"","meta":[],"product_brand":[],"product_cat":[29],"product_tag":[],"class_list":{"0":"post-335","1":"product","2":"type-product","3":"status-publish","4":"has-post-thumbnail","6":"product_cat-hund","8":"first","9":"instock","10":"taxable","11":"shipping-taxable","12":"purchasable","13":"product-type-simple"},"_links":{"self":[{"href":"https:\/\/equality-horse.ch\/de\/wp-json\/wp\/v2\/product\/335","targetHints":{"allow":["GET"]}}],"collection":[{"href":"https:\/\/equality-horse.ch\/de\/wp-json\/wp\/v2\/product"}],"about":[{"href":"https:\/\/equality-horse.ch\/de\/wp-json\/wp\/v2\/types\/product"}],"version-history":[{"count":5,"href":"https:\/\/equality-horse.ch\/de\/wp-json\/wp\/v2\/product\/335\/revisions"}],"predecessor-version":[{"id":1067,"href":"https:\/\/equality-horse.ch\/de\/wp-json\/wp\/v2\/product\/335\/revisions\/1067"}],"wp:featuredmedia":[{"embeddable":true,"href":"https:\/\/equality-horse.ch\/de\/wp-json\/wp\/v2\/media\/325"}],"wp:attachment":[{"href":"https:\/\/equality-horse.ch\/de\/wp-json\/wp\/v2\/media?parent=335"}],"wp:term":[{"taxonomy":"product_brand","embeddable":true,"href":"https:\/\/equality-horse.ch\/de\/wp-json\/wp\/v2\/product_brand?post=335"},{"taxonomy":"product_cat","embeddable":true,"href":"https:\/\/equality-horse.ch\/de\/wp-json\/wp\/v2\/product_cat?post=335"},{"taxonomy":"product_tag","embeddable":true,"href":"https:\/\/equality-horse.ch\/de\/wp-json\/wp\/v2\/product_tag?post=335"}],"curies":[{"name":"wp","href":"https:\/\/api.w.org\/{rel}","templated":true}]}}