{"id":341,"date":"2024-06-20T08:10:21","date_gmt":"2024-06-20T08:10:21","guid":{"rendered":"https:\/\/equality-horse.ch\/?post_type=product&#038;p=341"},"modified":"2025-07-30T14:18:05","modified_gmt":"2025-07-30T14:18:05","slug":"pro-aktiv-1-8kg","status":"publish","type":"product","link":"https:\/\/equality-horse.ch\/de\/shop\/pro-aktiv-1-8kg\/","title":{"rendered":"Pro Aktiv 1.8kg"},"content":{"rendered":"<p>Hilft bei Koliken und Kotwasser! Die Kombination von Probiotika aus 5 Bakterienst\u00e4mmen und Postbiotika unterst\u00fctzt die St\u00e4rkung der Darmflora bei der Wiederherstellung des Gleichgewichts im Darm. Seine ausgew\u00e4hlte Zusammensetzung hilft beim Stoffwechsel und die unterst\u00fctzt die Immunabwehr.<\/p>\n<p>Kotwasser kann verschiedene Ursachen haben, oft ist es eine Reaktion auf Stress, eine Futterumstellung oder auch eine schlechte Verdauung. Es ist zu empfehlen die Ern\u00e4hrung des Pferdes zu \u00fcberpr\u00fcfen und Stressquellen zu minimieren. Pro aktiv unterst\u00fctzt die Verdauung hilft die Darmflora zu stabilisieren und unterst\u00fctzt die mikrobielle Vielfalt des Darms und hilft Ungleichgewichte und damit verbundene St\u00f6rungen zu vermeiden.<\/p>\n<p>F\u00fctterungsempfehlung Pferd (500kg): 100g \/ Fohlen: 50g pro Tag<\/p>\n","protected":false},"excerpt":{"rendered":"<p>hilft bei Koliken und Kotwasser<\/p>\n<p>Die Kombination von Probiotika aus 5 Bakterienst\u00e4mmen und Postbiotika unterst\u00fctzt die St\u00e4rkung der Darmflora bei der Wiederherstellung des Gleichgewichts im Darm. Seine ausgew\u00e4hlte Zusammensetzung hilft beim Stoffwechsel und die unterst\u00fctzt die Immunabwehr. Kann bei Koliken und Kotwasser n\u00fctzlich sein.<\/p>\n","protected":false},"featured_media":328,"template":"","meta":[],"product_brand":[],"product_cat":[15],"product_tag":[],"class_list":{"0":"post-341","1":"product","2":"type-product","3":"status-publish","4":"has-post-thumbnail","6":"product_cat-pferd","8":"first","9":"instock","10":"taxable","11":"shipping-taxable","12":"purchasable","13":"product-type-simple"},"_links":{"self":[{"href":"https:\/\/equality-horse.ch\/de\/wp-json\/wp\/v2\/product\/341","targetHints":{"allow":["GET"]}}],"collection":[{"href":"https:\/\/equality-horse.ch\/de\/wp-json\/wp\/v2\/product"}],"about":[{"href":"https:\/\/equality-horse.ch\/de\/wp-json\/wp\/v2\/types\/product"}],"version-history":[{"count":5,"href":"https:\/\/equality-horse.ch\/de\/wp-json\/wp\/v2\/product\/341\/revisions"}],"predecessor-version":[{"id":1046,"href":"https:\/\/equality-horse.ch\/de\/wp-json\/wp\/v2\/product\/341\/revisions\/1046"}],"wp:featuredmedia":[{"embeddable":true,"href":"https:\/\/equality-horse.ch\/de\/wp-json\/wp\/v2\/media\/328"}],"wp:attachment":[{"href":"https:\/\/equality-horse.ch\/de\/wp-json\/wp\/v2\/media?parent=341"}],"wp:term":[{"taxonomy":"product_brand","embeddable":true,"href":"https:\/\/equality-horse.ch\/de\/wp-json\/wp\/v2\/product_brand?post=341"},{"taxonomy":"product_cat","embeddable":true,"href":"https:\/\/equality-horse.ch\/de\/wp-json\/wp\/v2\/product_cat?post=341"},{"taxonomy":"product_tag","embeddable":true,"href":"https:\/\/equality-horse.ch\/de\/wp-json\/wp\/v2\/product_tag?post=341"}],"curies":[{"name":"wp","href":"https:\/\/api.w.org\/{rel}","templated":true}]}}