{"id":343,"date":"2024-06-20T08:16:09","date_gmt":"2024-06-20T08:16:09","guid":{"rendered":"https:\/\/equality-horse.ch\/?post_type=product&#038;p=343"},"modified":"2025-07-30T14:17:44","modified_gmt":"2025-07-30T14:17:44","slug":"fast-pro-2kg","status":"publish","type":"product","link":"https:\/\/equality-horse.ch\/de\/shop\/fast-pro-2kg\/","title":{"rendered":"Fast Pro 2kg"},"content":{"rendered":"<p>Hilft bei Koliken und Kotwasser! Fast Pro hilft mit den enthaltenen Postbiotika das Verdauungssystem in vollem Umfang funktionsf\u00e4hig zu halten. Es unterst\u00fctzt die mikrobielle Vielfalt des Darms und hilft Ungleichgewichte und damit verbundene St\u00f6rungen zu vermeiden. Fast Pro f\u00f6rdert die Verdauung, kann Entz\u00fcndungen entgegenwirken und hilft die Produktion der Schutzschleimhaut zu stimulieren.<\/p>\n<p>Der Verdauungsprozess des Pferdes ist grunds\u00e4tzlich in zwei Teile unterteilt: zuerst die enzymatische dann die fermentative Verdauung. Deshalb ist es sehr wichtig, einen gesunden Magen-Darm-Trakt zu haben. Ein Ungleichgewicht zwischen den Verdauungsenzymen und der nat\u00fcrlichen Darmflora verursacht Darmprobleme, die sich in einer unvollst\u00e4ndigen Verdauung und Malabsorption \u00e4ussern.<\/p>\n<p>Kann bei Koliken und Kotwasser n\u00fctzlich sein.<\/p>\n<p>F\u00fctterungsempfehlung Pferd (500kg): 60g (2 Messl\u00f6ffel) \/ Fohlen: 30g (1 Messl\u00f6ffel) pro Tag<\/p>\n","protected":false},"excerpt":{"rendered":"<p>hilft bei Koliken und Kotwasser!<\/p>\n<p>Fast Pro hilft mit den enthaltenen Postbiotika das Verdauungssystem in vollem Umfang funktionsf\u00e4hig zu halten. Es unterst\u00fctzt die mikrobielle Vielfalt des Darms und hilft Ungleichgewichte und damit verbundene St\u00f6rungen zu vermeiden.<\/p>\n","protected":false},"featured_media":393,"template":"","meta":[],"product_brand":[],"product_cat":[15],"product_tag":[33],"class_list":{"0":"post-343","1":"product","2":"type-product","3":"status-publish","4":"has-post-thumbnail","6":"product_cat-pferd","7":"product_tag-bestseller","9":"first","10":"instock","11":"taxable","12":"shipping-taxable","13":"purchasable","14":"product-type-simple"},"_links":{"self":[{"href":"https:\/\/equality-horse.ch\/de\/wp-json\/wp\/v2\/product\/343","targetHints":{"allow":["GET"]}}],"collection":[{"href":"https:\/\/equality-horse.ch\/de\/wp-json\/wp\/v2\/product"}],"about":[{"href":"https:\/\/equality-horse.ch\/de\/wp-json\/wp\/v2\/types\/product"}],"version-history":[{"count":5,"href":"https:\/\/equality-horse.ch\/de\/wp-json\/wp\/v2\/product\/343\/revisions"}],"predecessor-version":[{"id":1048,"href":"https:\/\/equality-horse.ch\/de\/wp-json\/wp\/v2\/product\/343\/revisions\/1048"}],"wp:featuredmedia":[{"embeddable":true,"href":"https:\/\/equality-horse.ch\/de\/wp-json\/wp\/v2\/media\/393"}],"wp:attachment":[{"href":"https:\/\/equality-horse.ch\/de\/wp-json\/wp\/v2\/media?parent=343"}],"wp:term":[{"taxonomy":"product_brand","embeddable":true,"href":"https:\/\/equality-horse.ch\/de\/wp-json\/wp\/v2\/product_brand?post=343"},{"taxonomy":"product_cat","embeddable":true,"href":"https:\/\/equality-horse.ch\/de\/wp-json\/wp\/v2\/product_cat?post=343"},{"taxonomy":"product_tag","embeddable":true,"href":"https:\/\/equality-horse.ch\/de\/wp-json\/wp\/v2\/product_tag?post=343"}],"curies":[{"name":"wp","href":"https:\/\/api.w.org\/{rel}","templated":true}]}}