{"id":345,"date":"2024-06-20T08:22:50","date_gmt":"2024-06-20T08:22:50","guid":{"rendered":"https:\/\/equality-horse.ch\/?post_type=product&#038;p=345"},"modified":"2025-07-30T14:17:05","modified_gmt":"2025-07-30T14:17:05","slug":"lamicur-pellets-2kg","status":"publish","type":"product","link":"https:\/\/equality-horse.ch\/de\/shop\/lamicur-pellets-2kg\/","title":{"rendered":"Lamicur Pellets 2kg"},"content":{"rendered":"<p>F\u00fcr gesunde und starke Hufe! Dieses Erg\u00e4nzungsfuttermittel f\u00fcr Pferde hilft die Durchblutung zu verbessern und kann somit die Entz\u00fcndungen vor allem im Bereich der Hufe reduzieren. Das Produkt enth\u00e4lt schwarze Johannisbeere (harntreibend und antioxidativ) und fermentiertes Kurkuma. Fermentierte Lebensmittel helfen beim Aufbau der Darmflora und unterst\u00fctzen somit eine gute Verdauung.<\/p>\n<p>F\u00fctterungsempfehlung Pferd (500kg): 50g (1 Messl\u00f6ffel) pro Tag &#8211; mit der t\u00e4glichen Futterration mischen.<\/p>\n","protected":false},"excerpt":{"rendered":"<p>hilft dem Huf<\/p>\n<p>Dieses Erg\u00e4nzungsfuttermittel f\u00fcr Pferde hilft die Durchblutung zu verbessern und kann somit die Entz\u00fcndungen vor allem im Bereich der Hufe reduzieren. Das Produkt enth\u00e4lt schwarze Johannisbeere (harntreibend und antioxidativ) und fermentiertes Kurkuma. Fermentierte Lebensmittel helfen beim Aufbau der Darmflora und unterst\u00fctzen somit eine gute Verdauung.<\/p>\n","protected":false},"featured_media":394,"template":"","meta":[],"product_brand":[],"product_cat":[15],"product_tag":[],"class_list":{"0":"post-345","1":"product","2":"type-product","3":"status-publish","4":"has-post-thumbnail","6":"product_cat-pferd","8":"first","9":"instock","10":"taxable","11":"shipping-taxable","12":"purchasable","13":"product-type-simple"},"_links":{"self":[{"href":"https:\/\/equality-horse.ch\/de\/wp-json\/wp\/v2\/product\/345","targetHints":{"allow":["GET"]}}],"collection":[{"href":"https:\/\/equality-horse.ch\/de\/wp-json\/wp\/v2\/product"}],"about":[{"href":"https:\/\/equality-horse.ch\/de\/wp-json\/wp\/v2\/types\/product"}],"version-history":[{"count":5,"href":"https:\/\/equality-horse.ch\/de\/wp-json\/wp\/v2\/product\/345\/revisions"}],"predecessor-version":[{"id":1051,"href":"https:\/\/equality-horse.ch\/de\/wp-json\/wp\/v2\/product\/345\/revisions\/1051"}],"wp:featuredmedia":[{"embeddable":true,"href":"https:\/\/equality-horse.ch\/de\/wp-json\/wp\/v2\/media\/394"}],"wp:attachment":[{"href":"https:\/\/equality-horse.ch\/de\/wp-json\/wp\/v2\/media?parent=345"}],"wp:term":[{"taxonomy":"product_brand","embeddable":true,"href":"https:\/\/equality-horse.ch\/de\/wp-json\/wp\/v2\/product_brand?post=345"},{"taxonomy":"product_cat","embeddable":true,"href":"https:\/\/equality-horse.ch\/de\/wp-json\/wp\/v2\/product_cat?post=345"},{"taxonomy":"product_tag","embeddable":true,"href":"https:\/\/equality-horse.ch\/de\/wp-json\/wp\/v2\/product_tag?post=345"}],"curies":[{"name":"wp","href":"https:\/\/api.w.org\/{rel}","templated":true}]}}