{"id":349,"date":"2024-06-20T08:29:46","date_gmt":"2024-06-20T08:29:46","guid":{"rendered":"https:\/\/equality-horse.ch\/?post_type=product&#038;p=349"},"modified":"2025-07-30T14:16:10","modified_gmt":"2025-07-30T14:16:10","slug":"be-kalm-paste-50g","status":"publish","type":"product","link":"https:\/\/equality-horse.ch\/de\/shop\/be-kalm-paste-50g\/","title":{"rendered":"Be Kalm Paste 50g"},"content":{"rendered":"<p>Bei stressigen Situationen wie z.B. Transporte! Be Kalm kann die Erregungszust\u00e4nde des Pferdes lindern und hilft bei Stress oder Angstzust\u00e4nden. Entspannt die Muskeln und stimuliert das Immunsystem. Be Kalm enth\u00e4lt Fermentierte Pflanzenextrakte, Antioxidantien aus dem Olivenbaum, Ausz\u00fcge aus Aspergillus Oryzae und Rinde der Ulmus Rubra.<\/p>\n<p>F\u00fctterungsempfehlung: 1 Spritze 4-5 Stunden vor dem Wettkampf oder bei Stress-Situationen.<\/p>\n<p>Anwendung Paste: 1 Spritze 4-5 Stunden vor dem Wettkampf oder bei Stress-Situationen, Pellets: Pferd (500 kg): 50 g, Fohlen\/Pony: 25 g<\/p>\n","protected":false},"excerpt":{"rendered":"<p>hilft bei stressigen Situationen!<\/p>\n<p>Kann die Erregungszust\u00e4nde des Pferdes lindern und hilft bei Stress oder Angstzust\u00e4nden, zum Beispiel bei Transporten. Hilft bei der Entspannung der Muskeln und stimuliert das Immunsystem<\/p>\n","protected":false},"featured_media":332,"template":"","meta":[],"product_brand":[],"product_cat":[15],"product_tag":[],"class_list":{"0":"post-349","1":"product","2":"type-product","3":"status-publish","4":"has-post-thumbnail","6":"product_cat-pferd","8":"first","9":"instock","10":"taxable","11":"shipping-taxable","12":"purchasable","13":"product-type-simple"},"_links":{"self":[{"href":"https:\/\/equality-horse.ch\/de\/wp-json\/wp\/v2\/product\/349","targetHints":{"allow":["GET"]}}],"collection":[{"href":"https:\/\/equality-horse.ch\/de\/wp-json\/wp\/v2\/product"}],"about":[{"href":"https:\/\/equality-horse.ch\/de\/wp-json\/wp\/v2\/types\/product"}],"version-history":[{"count":5,"href":"https:\/\/equality-horse.ch\/de\/wp-json\/wp\/v2\/product\/349\/revisions"}],"predecessor-version":[{"id":1056,"href":"https:\/\/equality-horse.ch\/de\/wp-json\/wp\/v2\/product\/349\/revisions\/1056"}],"wp:featuredmedia":[{"embeddable":true,"href":"https:\/\/equality-horse.ch\/de\/wp-json\/wp\/v2\/media\/332"}],"wp:attachment":[{"href":"https:\/\/equality-horse.ch\/de\/wp-json\/wp\/v2\/media?parent=349"}],"wp:term":[{"taxonomy":"product_brand","embeddable":true,"href":"https:\/\/equality-horse.ch\/de\/wp-json\/wp\/v2\/product_brand?post=349"},{"taxonomy":"product_cat","embeddable":true,"href":"https:\/\/equality-horse.ch\/de\/wp-json\/wp\/v2\/product_cat?post=349"},{"taxonomy":"product_tag","embeddable":true,"href":"https:\/\/equality-horse.ch\/de\/wp-json\/wp\/v2\/product_tag?post=349"}],"curies":[{"name":"wp","href":"https:\/\/api.w.org\/{rel}","templated":true}]}}