{"id":351,"date":"2024-06-20T08:38:37","date_gmt":"2024-06-20T08:38:37","guid":{"rendered":"https:\/\/equality-horse.ch\/?post_type=product&#038;p=351"},"modified":"2025-07-30T14:15:41","modified_gmt":"2025-07-30T14:15:41","slug":"lasi-resp-advanced-paste-50g","status":"publish","type":"product","link":"https:\/\/equality-horse.ch\/de\/shop\/lasi-resp-advanced-paste-50g\/","title":{"rendered":"Lasi Resp Advanced Paste 50g"},"content":{"rendered":"<p>F\u00fcr starke Lungen bei sportlichen Pferden! Lasi Resp Advanced ist besonders geeignet f\u00fcr Sportpferde &#8211; vor allem f\u00fcr solche, die regelm\u00e4ssig Anstrengungen von kurzer Dauer, aber hoher Intensit\u00e4t ausgesetzt sind. Hilft gegen Episoden von Lungenblutungen (EIPH). Die Inhaltstoffe k\u00f6nnen zus\u00e4tzlich die Senkung des Blutdrucks unterst\u00fctzen.<\/p>\n<p>F\u00fctterungsempfehlung Pferd (500kg): 60g t\u00e4glich 5 Stunden vor dem Wettkampf. Nach der Verabreichung kein Wasser zur Verf\u00fcgung stellen.<\/p>\n","protected":false},"excerpt":{"rendered":"<p>f\u00fcr starke Lungen!<\/p>\n<p>Lasi Resp Advanced ist ein Futterzusatz und besonders geeignet f\u00fcr Sportpferde &#8211; vor allem f\u00fcr solche, die regelm\u00e4ssig Anstrengungen von kurzer Dauer, aber hoher Intensit\u00e4t ausgesetzt sind.<\/p>\n","protected":false},"featured_media":333,"template":"","meta":[],"product_brand":[],"product_cat":[15],"product_tag":[],"class_list":{"0":"post-351","1":"product","2":"type-product","3":"status-publish","4":"has-post-thumbnail","6":"product_cat-pferd","8":"first","9":"instock","10":"taxable","11":"shipping-taxable","12":"purchasable","13":"product-type-simple"},"_links":{"self":[{"href":"https:\/\/equality-horse.ch\/de\/wp-json\/wp\/v2\/product\/351","targetHints":{"allow":["GET"]}}],"collection":[{"href":"https:\/\/equality-horse.ch\/de\/wp-json\/wp\/v2\/product"}],"about":[{"href":"https:\/\/equality-horse.ch\/de\/wp-json\/wp\/v2\/types\/product"}],"version-history":[{"count":5,"href":"https:\/\/equality-horse.ch\/de\/wp-json\/wp\/v2\/product\/351\/revisions"}],"predecessor-version":[{"id":1057,"href":"https:\/\/equality-horse.ch\/de\/wp-json\/wp\/v2\/product\/351\/revisions\/1057"}],"wp:featuredmedia":[{"embeddable":true,"href":"https:\/\/equality-horse.ch\/de\/wp-json\/wp\/v2\/media\/333"}],"wp:attachment":[{"href":"https:\/\/equality-horse.ch\/de\/wp-json\/wp\/v2\/media?parent=351"}],"wp:term":[{"taxonomy":"product_brand","embeddable":true,"href":"https:\/\/equality-horse.ch\/de\/wp-json\/wp\/v2\/product_brand?post=351"},{"taxonomy":"product_cat","embeddable":true,"href":"https:\/\/equality-horse.ch\/de\/wp-json\/wp\/v2\/product_cat?post=351"},{"taxonomy":"product_tag","embeddable":true,"href":"https:\/\/equality-horse.ch\/de\/wp-json\/wp\/v2\/product_tag?post=351"}],"curies":[{"name":"wp","href":"https:\/\/api.w.org\/{rel}","templated":true}]}}