{"id":353,"date":"2024-06-20T08:42:40","date_gmt":"2024-06-20T08:42:40","guid":{"rendered":"https:\/\/equality-horse.ch\/?post_type=product&#038;p=353"},"modified":"2025-07-30T14:15:17","modified_gmt":"2025-07-30T14:15:17","slug":"aminoplus-paste-50g","status":"publish","type":"product","link":"https:\/\/equality-horse.ch\/de\/shop\/aminoplus-paste-50g\/","title":{"rendered":"Aminoplus Paste 50g"},"content":{"rendered":"<p>Boostet den Stoffwechsel! Aminos\u00e4uren boosten s\u00e4mtliche Stoffwechsel-Vorg\u00e4nge im K\u00f6rper. Sie bilden neues Gewebe f\u00fcr Muskeln, Organe, Haare und Haut. Auch beim Knochenaufbau und f\u00fcrs Immunsystem spielen Aminos eine grosse Rolle. Aminoplus Paste ist ein Erg\u00e4nzungsfuttermittel f\u00fcr Pferde.<\/p>\n<p>F\u00fctterungsempfehlung Pferd (500kg): 50g pro Tag.<\/p>\n","protected":false},"excerpt":{"rendered":"<p>boostet den Stoffwechsel!<\/p>\n<p><span class=\"ILfuVd\" lang=\"de\"><span class=\"hgKElc\">Aminos\u00e4uren boosten s\u00e4mtliche Stoffwechsel-Vorg\u00e4nge im K\u00f6rper. Sie bilden neues Gewebe f\u00fcr Muskeln, Organe, Haare und Haut. Auch beim Knochenaufbau und f\u00fcrs Immunsystem spielen Aminos eine gro\u00dfe Rolle. <\/span><\/span>Aminoplus Paste ist ein Erg\u00e4nzungsfuttermittel f\u00fcr Pferde.<\/p>\n","protected":false},"featured_media":369,"template":"","meta":[],"product_brand":[],"product_cat":[15],"product_tag":[33],"class_list":{"0":"post-353","1":"product","2":"type-product","3":"status-publish","4":"has-post-thumbnail","6":"product_cat-pferd","7":"product_tag-bestseller","9":"first","10":"instock","11":"taxable","12":"shipping-taxable","13":"purchasable","14":"product-type-simple"},"_links":{"self":[{"href":"https:\/\/equality-horse.ch\/de\/wp-json\/wp\/v2\/product\/353","targetHints":{"allow":["GET"]}}],"collection":[{"href":"https:\/\/equality-horse.ch\/de\/wp-json\/wp\/v2\/product"}],"about":[{"href":"https:\/\/equality-horse.ch\/de\/wp-json\/wp\/v2\/types\/product"}],"version-history":[{"count":5,"href":"https:\/\/equality-horse.ch\/de\/wp-json\/wp\/v2\/product\/353\/revisions"}],"predecessor-version":[{"id":1059,"href":"https:\/\/equality-horse.ch\/de\/wp-json\/wp\/v2\/product\/353\/revisions\/1059"}],"wp:featuredmedia":[{"embeddable":true,"href":"https:\/\/equality-horse.ch\/de\/wp-json\/wp\/v2\/media\/369"}],"wp:attachment":[{"href":"https:\/\/equality-horse.ch\/de\/wp-json\/wp\/v2\/media?parent=353"}],"wp:term":[{"taxonomy":"product_brand","embeddable":true,"href":"https:\/\/equality-horse.ch\/de\/wp-json\/wp\/v2\/product_brand?post=353"},{"taxonomy":"product_cat","embeddable":true,"href":"https:\/\/equality-horse.ch\/de\/wp-json\/wp\/v2\/product_cat?post=353"},{"taxonomy":"product_tag","embeddable":true,"href":"https:\/\/equality-horse.ch\/de\/wp-json\/wp\/v2\/product_tag?post=353"}],"curies":[{"name":"wp","href":"https:\/\/api.w.org\/{rel}","templated":true}]}}