{"id":971,"date":"2024-08-21T10:43:50","date_gmt":"2024-08-21T10:43:50","guid":{"rendered":"https:\/\/equality-horse.ch\/?post_type=product&#038;p=971"},"modified":"2025-08-03T19:40:00","modified_gmt":"2025-08-03T19:40:00","slug":"aminoplus-paste-50g-kopie","status":"publish","type":"product","link":"https:\/\/equality-horse.ch\/de\/shop\/aminoplus-paste-50g-kopie\/","title":{"rendered":"SaveGard Paste 50g"},"content":{"rendered":"<p>Bei Koliken und Kotwasser! Savegard ist ein Erg\u00e4nzungsfuttermittel und hat eine positive Wirkung auf die Darmflora, f\u00f6rdert die Entwicklung von positiven Darmbakterien und kann die negative Ver\u00e4nderung der Magenschleimhaut vorbeugen. Die Inhaltsstoffe wirken auf der Ebene des Verdauungssystems und k\u00f6nnen zum Wohlbefinden des Verdauungstrakts der Pferde beitragen.<\/p>\n<p>F\u00fctterungsempfehlung: Pferd (500 kg): 50 g t\u00e4glich, Fohlen: 25 g t\u00e4glich<\/p>\n","protected":false},"excerpt":{"rendered":"<p>bei Koliken und Kotwasser!<\/p>\n<p>Savegard ist ein Erg\u00e4nzungsfuttermittel und hat eine positive Wirkung auf die Darmflora, f\u00f6rdert die Entwicklung von positiven Darmbakterien und kann die negative Ver\u00e4nderung der Magenschleimhaut vorbeugen. Die Inhaltsstoffe wirken auf der Ebene des Verdauungssystems und k\u00f6nnen zum Wohlbefinden des Verdauungstrakts der Pferde beitragen. Kann bei Koliken und Kotwasser n\u00fctzlich sein.<\/p>\n","protected":false},"featured_media":972,"template":"","meta":[],"product_brand":[],"product_cat":[15],"product_tag":[],"class_list":{"0":"post-971","1":"product","2":"type-product","3":"status-publish","4":"has-post-thumbnail","6":"product_cat-pferd","8":"first","9":"instock","10":"taxable","11":"shipping-taxable","12":"purchasable","13":"product-type-simple"},"_links":{"self":[{"href":"https:\/\/equality-horse.ch\/de\/wp-json\/wp\/v2\/product\/971","targetHints":{"allow":["GET"]}}],"collection":[{"href":"https:\/\/equality-horse.ch\/de\/wp-json\/wp\/v2\/product"}],"about":[{"href":"https:\/\/equality-horse.ch\/de\/wp-json\/wp\/v2\/types\/product"}],"version-history":[{"count":5,"href":"https:\/\/equality-horse.ch\/de\/wp-json\/wp\/v2\/product\/971\/revisions"}],"predecessor-version":[{"id":1062,"href":"https:\/\/equality-horse.ch\/de\/wp-json\/wp\/v2\/product\/971\/revisions\/1062"}],"wp:featuredmedia":[{"embeddable":true,"href":"https:\/\/equality-horse.ch\/de\/wp-json\/wp\/v2\/media\/972"}],"wp:attachment":[{"href":"https:\/\/equality-horse.ch\/de\/wp-json\/wp\/v2\/media?parent=971"}],"wp:term":[{"taxonomy":"product_brand","embeddable":true,"href":"https:\/\/equality-horse.ch\/de\/wp-json\/wp\/v2\/product_brand?post=971"},{"taxonomy":"product_cat","embeddable":true,"href":"https:\/\/equality-horse.ch\/de\/wp-json\/wp\/v2\/product_cat?post=971"},{"taxonomy":"product_tag","embeddable":true,"href":"https:\/\/equality-horse.ch\/de\/wp-json\/wp\/v2\/product_tag?post=971"}],"curies":[{"name":"wp","href":"https:\/\/api.w.org\/{rel}","templated":true}]}}