{"id":10,"date":"2024-06-06T09:52:22","date_gmt":"2024-06-06T09:52:22","guid":{"rendered":"https:\/\/equality-horse.ch\/mein-konto\/"},"modified":"2025-07-30T14:08:54","modified_gmt":"2025-07-30T14:08:54","slug":"mein-konto","status":"publish","type":"page","link":"https:\/\/equality-horse.ch\/fr\/shop\/mein-konto\/","title":{"rendered":"Mon compte"},"content":{"rendered":"<div data-elementor-type=\"wp-page\" data-elementor-id=\"10\" class=\"elementor elementor-10\" data-elementor-settings=\"{&quot;element_pack_global_tooltip_width&quot;:{&quot;unit&quot;:&quot;px&quot;,&quot;size&quot;:&quot;&quot;,&quot;sizes&quot;:[]},&quot;element_pack_global_tooltip_width_tablet&quot;:{&quot;unit&quot;:&quot;px&quot;,&quot;size&quot;:&quot;&quot;,&quot;sizes&quot;:[]},&quot;element_pack_global_tooltip_width_mobile&quot;:{&quot;unit&quot;:&quot;px&quot;,&quot;size&quot;:&quot;&quot;,&quot;sizes&quot;:[]},&quot;element_pack_global_tooltip_padding&quot;:{&quot;unit&quot;:&quot;px&quot;,&quot;top&quot;:&quot;&quot;,&quot;right&quot;:&quot;&quot;,&quot;bottom&quot;:&quot;&quot;,&quot;left&quot;:&quot;&quot;,&quot;isLinked&quot;:true},&quot;element_pack_global_tooltip_padding_tablet&quot;:{&quot;unit&quot;:&quot;px&quot;,&quot;top&quot;:&quot;&quot;,&quot;right&quot;:&quot;&quot;,&quot;bottom&quot;:&quot;&quot;,&quot;left&quot;:&quot;&quot;,&quot;isLinked&quot;:true},&quot;element_pack_global_tooltip_padding_mobile&quot;:{&quot;unit&quot;:&quot;px&quot;,&quot;top&quot;:&quot;&quot;,&quot;right&quot;:&quot;&quot;,&quot;bottom&quot;:&quot;&quot;,&quot;left&quot;:&quot;&quot;,&quot;isLinked&quot;:true},&quot;element_pack_global_tooltip_border_radius&quot;:{&quot;unit&quot;:&quot;px&quot;,&quot;top&quot;:&quot;&quot;,&quot;right&quot;:&quot;&quot;,&quot;bottom&quot;:&quot;&quot;,&quot;left&quot;:&quot;&quot;,&quot;isLinked&quot;:true},&quot;element_pack_global_tooltip_border_radius_tablet&quot;:{&quot;unit&quot;:&quot;px&quot;,&quot;top&quot;:&quot;&quot;,&quot;right&quot;:&quot;&quot;,&quot;bottom&quot;:&quot;&quot;,&quot;left&quot;:&quot;&quot;,&quot;isLinked&quot;:true},&quot;element_pack_global_tooltip_border_radius_mobile&quot;:{&quot;unit&quot;:&quot;px&quot;,&quot;top&quot;:&quot;&quot;,&quot;right&quot;:&quot;&quot;,&quot;bottom&quot;:&quot;&quot;,&quot;left&quot;:&quot;&quot;,&quot;isLinked&quot;:true}}\" data-elementor-post-type=\"page\">\n\t\t\t\t<div class=\"elementor-element elementor-element-2d94f40c e-flex e-con-boxed e-con e-parent\" data-id=\"2d94f40c\" data-element_type=\"container\" data-e-type=\"container\">\n\t\t\t\t\t<div class=\"e-con-inner\">\n\t\t\t\t\t<\/div>\n\t\t\t\t<\/div>\n\t\t<div class=\"elementor-element elementor-element-44a27c4 e-flex e-con-boxed e-con e-parent\" data-id=\"44a27c4\" data-element_type=\"container\" data-e-type=\"container\">\n\t\t\t\t\t<div class=\"e-con-inner\">\n\t\t<div class=\"elementor-element elementor-element-b65a201 e-con-full e-flex e-con e-child\" data-id=\"b65a201\" data-element_type=\"container\" data-e-type=\"container\">\n\t\t\t\t<div class=\"elementor-element elementor-element-6a79d50 elementor-widget elementor-widget-woocommerce-breadcrumb\" data-id=\"6a79d50\" data-element_type=\"widget\" data-e-type=\"widget\" data-widget_type=\"woocommerce-breadcrumb.default\">\n\t\t\t\t<div class=\"elementor-widget-container\">\n\t\t\t\t\t<nav class=\"woocommerce-breadcrumb\" aria-label=\"Breadcrumb\" data-no-translation=\"\" data-trp-gettext=\"\">Accueil<\/nav>\t\t\t\t<\/div>\n\t\t\t\t<\/div>\n\t\t\t\t<\/div>\n\t\t<div class=\"elementor-element elementor-element-65637bf e-con-full e-flex e-con e-child\" data-id=\"65637bf\" data-element_type=\"container\" data-e-type=\"container\">\n\t\t\t\t<div class=\"elementor-element elementor-element-2fd675d elementor-widget__width-initial elementor-search-form-skin-default elementor-widget elementor-widget-bdt-search\" data-id=\"2fd675d\" data-element_type=\"widget\" data-e-type=\"widget\" data-widget_type=\"bdt-search.default\">\n\t\t\t\t<div class=\"elementor-widget-container\">\n\t\t\t\t\t\t\t<div class=\"bdt-search-container\">\n\t\t\t\n\t\t\t\n\t\t\t<form class=\"bdt-search bdt-search-default\" role=\"search\" method=\"get\" action=\"https:\/\/equality-horse.ch\/fr\/\" data-trp-original-action=\"https:\/\/equality-horse.ch\/fr\/\">\n\t\t\t\t<div class=\"bdt-position-relative\">\n\t\t\t\t\t<span class=\"\" data-bdt-search-icon><\/span>\t\t\t\t\t\t\t\t\t\t\t<input name=\"post_type\" id=\"post_type\" type=\"hidden\" value=\"product\">\n\t\t\t\t\t\t\t\t\t\t<input placeholder=\"Recherche\" class=\"bdt-search-input\" type=\"search\" name=\"s\" title=\"Recherche\" value=\"\">\n\t\t\t\t\t\t\t\t\t<\/div>\n\n\n\t\t\t\t\t\t\t<input type=\"hidden\" name=\"trp-form-language\" value=\"fr\"\/><\/form>\n\n\t\t\t\t<\/div>\n\t\t\t\t\t\t<\/div>\n\t\t\t\t<\/div>\n\t\t\t\t<\/div>\n\t\t\t\t\t<\/div>\n\t\t\t\t<\/div>\n\t\t<div class=\"elementor-element elementor-element-6c3ac99 e-flex e-con-boxed e-con e-parent\" data-id=\"6c3ac99\" data-element_type=\"container\" data-e-type=\"container\">\n\t\t\t\t\t<div class=\"e-con-inner\">\n\t\t<div class=\"elementor-element elementor-element-84ebbee e-con-full elementor-hidden-tablet elementor-hidden-mobile e-flex e-con e-child\" data-id=\"84ebbee\" data-element_type=\"container\" data-e-type=\"container\">\n\t\t\t\t<div class=\"elementor-element elementor-element-43087e4 elementor-widget elementor-widget-heading\" data-id=\"43087e4\" data-element_type=\"widget\" data-e-type=\"widget\" data-widget_type=\"heading.default\">\n\t\t\t\t<div class=\"elementor-widget-container\">\n\t\t\t\t\t<h2 class=\"elementor-heading-title elementor-size-default\"><a href=\"https:\/\/equality-horse.ch\/fr\/shop\/\">Assortiment de la boutique<\/a><\/h2>\t\t\t\t<\/div>\n\t\t\t\t<\/div>\n\t\t\t\t<div class=\"elementor-element elementor-element-534f519 dce-align-left elementor-widget elementor-widget-dce-dynamicposts-v2\" data-id=\"534f519\" data-element_type=\"widget\" data-e-type=\"widget\" data-widget_type=\"dce-dynamicposts-v2.list\">\n\t\t\t\t<div class=\"elementor-widget-container\">\n\t\t\t\t\t\t\t\t<ul class=\"dce-fix-background-loop dce-posts-container dce-posts\">\n\t\t\t\n\t\t<li class=\"post-1314 product type-product status-publish has-post-thumbnail product_cat-pferd first instock taxable shipping-taxable purchasable product-type-simple dce-post dce-post-item dce-item-list\" data-dce-post-id=\"1314\" data-dce-post-index=\"0\">\n\t\t<div class=\"dce-item dce-item_title elementor-repeater-item-795aded\"><p class=\"dce-post-title\"><a href=\"https:\/\/equality-horse.ch\/fr\/shop\/muscle-bone-3-5-kg\/\">Muscle Bone 3.5 kg<\/a><\/p><\/div>\t\t<\/li>\n\t\t\n\t\t<li class=\"post-245 product type-product status-publish has-post-thumbnail product_cat-pferd product_tag-bestseller last instock taxable shipping-taxable purchasable product-type-simple dce-post dce-post-item dce-item-list\" data-dce-post-id=\"245\" data-dce-post-index=\"1\">\n\t\t<div class=\"dce-item dce-item_title elementor-repeater-item-795aded\"><p class=\"dce-post-title\"><a href=\"https:\/\/equality-horse.ch\/fr\/shop\/lactanase-pro-paste-50g\/\">Lactanase Pro P\u00e2te 50g<\/a><\/p><\/div>\t\t<\/li>\n\t\t\n\t\t<li class=\"post-353 product type-product status-publish has-post-thumbnail product_cat-pferd product_tag-bestseller first instock taxable shipping-taxable purchasable product-type-simple dce-post dce-post-item dce-item-list\" data-dce-post-id=\"353\" data-dce-post-index=\"2\">\n\t\t<div class=\"dce-item dce-item_title elementor-repeater-item-795aded\"><p class=\"dce-post-title\"><a href=\"https:\/\/equality-horse.ch\/fr\/shop\/aminoplus-paste-50g\/\">P\u00e2te Aminoplus 50g<\/a><\/p><\/div>\t\t<\/li>\n\t\t\n\t\t<li class=\"post-971 product type-product status-publish has-post-thumbnail product_cat-pferd last instock taxable shipping-taxable purchasable product-type-simple dce-post dce-post-item dce-item-list\" data-dce-post-id=\"971\" data-dce-post-index=\"3\">\n\t\t<div class=\"dce-item dce-item_title elementor-repeater-item-795aded\"><p class=\"dce-post-title\"><a href=\"https:\/\/equality-horse.ch\/fr\/shop\/aminoplus-paste-50g-kopie\/\">P\u00e2te SaveGard 50g<\/a><\/p><\/div>\t\t<\/li>\n\t\t\n\t\t<li class=\"post-976 product type-product status-publish has-post-thumbnail product_cat-pferd first instock taxable shipping-taxable purchasable product-type-simple dce-post dce-post-item dce-item-list\" data-dce-post-id=\"976\" data-dce-post-index=\"4\">\n\t\t<div class=\"dce-item dce-item_title elementor-repeater-item-795aded\"><p class=\"dce-post-title\"><a href=\"https:\/\/equality-horse.ch\/fr\/shop\/savegard-3-kg\/\">SaveGard 3 kg<\/a><\/p><\/div>\t\t<\/li>\n\t\t\n\t\t<li class=\"post-349 product type-product status-publish has-post-thumbnail product_cat-pferd last instock taxable shipping-taxable purchasable product-type-simple dce-post dce-post-item dce-item-list\" data-dce-post-id=\"349\" data-dce-post-index=\"5\">\n\t\t<div class=\"dce-item dce-item_title elementor-repeater-item-795aded\"><p class=\"dce-post-title\"><a href=\"https:\/\/equality-horse.ch\/fr\/shop\/be-kalm-paste-50g\/\">P\u00e2te Be Kalm 50g<\/a><\/p><\/div>\t\t<\/li>\n\t\t\n\t\t<li class=\"post-347 product type-product status-publish has-post-thumbnail product_cat-pferd first instock taxable shipping-taxable purchasable product-type-simple dce-post dce-post-item dce-item-list\" data-dce-post-id=\"347\" data-dce-post-index=\"6\">\n\t\t<div class=\"dce-item dce-item_title elementor-repeater-item-795aded\"><p class=\"dce-post-title\"><a href=\"https:\/\/equality-horse.ch\/fr\/shop\/be-kalm-pellets-3kg\/\">Be Kalm pellets 3kg<\/a><\/p><\/div>\t\t<\/li>\n\t\t\n\t\t<li class=\"post-343 product type-product status-publish has-post-thumbnail product_cat-pferd product_tag-bestseller last instock taxable shipping-taxable purchasable product-type-simple dce-post dce-post-item dce-item-list\" data-dce-post-id=\"343\" data-dce-post-index=\"7\">\n\t\t<div class=\"dce-item dce-item_title elementor-repeater-item-795aded\"><p class=\"dce-post-title\"><a href=\"https:\/\/equality-horse.ch\/fr\/shop\/fast-pro-2kg\/\">Fast Pro 2kg<\/a><\/p><\/div>\t\t<\/li>\n\t\t\n\t\t<li class=\"post-345 product type-product status-publish has-post-thumbnail product_cat-pferd first instock taxable shipping-taxable purchasable product-type-simple dce-post dce-post-item dce-item-list\" data-dce-post-id=\"345\" data-dce-post-index=\"8\">\n\t\t<div class=\"dce-item dce-item_title elementor-repeater-item-795aded\"><p class=\"dce-post-title\"><a href=\"https:\/\/equality-horse.ch\/fr\/shop\/lamicur-pellets-2kg\/\">Lamicur pellets 2kg<\/a><\/p><\/div>\t\t<\/li>\n\t\t\n\t\t<li class=\"post-351 product type-product status-publish has-post-thumbnail product_cat-pferd last instock taxable shipping-taxable purchasable product-type-simple dce-post dce-post-item dce-item-list\" data-dce-post-id=\"351\" data-dce-post-index=\"9\">\n\t\t<div class=\"dce-item dce-item_title elementor-repeater-item-795aded\"><p class=\"dce-post-title\"><a href=\"https:\/\/equality-horse.ch\/fr\/shop\/lasi-resp-advanced-paste-50g\/\">Lasi Resp Advanced P\u00e2te 50g<\/a><\/p><\/div>\t\t<\/li>\n\t\t\n\t\t<li class=\"post-339 product type-product status-publish has-post-thumbnail product_cat-pferd first instock taxable shipping-taxable purchasable product-type-simple dce-post dce-post-item dce-item-list\" data-dce-post-id=\"339\" data-dce-post-index=\"10\">\n\t\t<div class=\"dce-item dce-item_title elementor-repeater-item-795aded\"><p class=\"dce-post-title\"><a href=\"https:\/\/equality-horse.ch\/fr\/shop\/myristol-booster-paste-50g\/\">Myristol Booster P\u00e2te 50g<\/a><\/p><\/div>\t\t<\/li>\n\t\t\n\t\t<li class=\"post-335 product type-product status-publish has-post-thumbnail product_cat-hund last instock taxable shipping-taxable purchasable product-type-simple dce-post dce-post-item dce-item-list\" data-dce-post-id=\"335\" data-dce-post-index=\"11\">\n\t\t<div class=\"dce-item dce-item_title elementor-repeater-item-795aded\"><p class=\"dce-post-title\"><a href=\"https:\/\/equality-horse.ch\/fr\/shop\/myristol-fuer-hunde-100-tabletten\/\">Myristol pour chiens, 100 comprim\u00e9s<\/a><\/p><\/div>\t\t<\/li>\n\t\t\n\t\t<li class=\"post-337 product type-product status-publish has-post-thumbnail product_cat-pferd first instock taxable shipping-taxable purchasable product-type-simple dce-post dce-post-item dce-item-list\" data-dce-post-id=\"337\" data-dce-post-index=\"12\">\n\t\t<div class=\"dce-item dce-item_title elementor-repeater-item-795aded\"><p class=\"dce-post-title\"><a href=\"https:\/\/equality-horse.ch\/fr\/shop\/myristol-pellets-2kg\/\">Myristol pellets 2kg<\/a><\/p><\/div>\t\t<\/li>\n\t\t\n\t\t<li class=\"post-341 product type-product status-publish has-post-thumbnail product_cat-pferd last instock taxable shipping-taxable purchasable product-type-simple dce-post dce-post-item dce-item-list\" data-dce-post-id=\"341\" data-dce-post-index=\"13\">\n\t\t<div class=\"dce-item dce-item_title elementor-repeater-item-795aded\"><p class=\"dce-post-title\"><a href=\"https:\/\/equality-horse.ch\/fr\/shop\/pro-aktiv-1-8kg\/\">Pro Aktiv 1.8kg<\/a><\/p><\/div>\t\t<\/li>\n\t\t\t\t\t<\/ul>\n\t\t\t\t\t\t\t<\/div>\n\t\t\t\t<\/div>\n\t\t\t\t<\/div>\n\t\t<div class=\"elementor-element elementor-element-38fe8ff e-con-full e-flex e-con e-child\" data-id=\"38fe8ff\" data-element_type=\"container\" data-e-type=\"container\">\n\t\t\t\t<div class=\"elementor-element elementor-element-8582d13 elementor-widget elementor-widget-heading\" data-id=\"8582d13\" data-element_type=\"widget\" data-e-type=\"widget\" data-widget_type=\"heading.default\">\n\t\t\t\t<div class=\"elementor-widget-container\">\n\t\t\t\t\t<h1 class=\"elementor-heading-title elementor-size-default\">Mon compte<\/h1>\t\t\t\t<\/div>\n\t\t\t\t<\/div>\n\t\t\t\t<div class=\"elementor-element elementor-element-1fce7000 elementor-widget elementor-widget-text-editor\" data-id=\"1fce7000\" data-element_type=\"widget\" data-e-type=\"widget\" data-widget_type=\"text-editor.default\">\n\t\t\t\t<div class=\"elementor-widget-container\">\n\t\t\t\t\t\t\t\t\t<div class=\"woocommerce\"><\/div>\n\t\t\t\t\t\t\t\t<\/div>\n\t\t\t\t<\/div>\n\t\t\t\t<\/div>\n\t\t\t\t\t<\/div>\n\t\t\t\t<\/div>\n\t\t\t\t<\/div>","protected":false},"excerpt":{"rendered":"<p>Boutique assortiment Lactanase Pro P\u00e2te 50g Aminoplus P\u00e2te 50g SaveGard P\u00e2te 50g SaveGard 3 Kg Be Kalm P\u00e2te 50g Be Kalm Pellets 3kg Fast Pro 2kg Lamicur Pellets 2kg Lasi Resp Advanced P\u00e2te 50g Myristol Booster P\u00e2te 50g Myristol pour chiens, 100 comprim\u00e9s Myristol Pellets 2kg Pro Aktiv 1.8kg<\/p>","protected":false},"author":1,"featured_media":0,"parent":7,"menu_order":0,"comment_status":"closed","ping_status":"closed","template":"","meta":{"footnotes":""},"class_list":["post-10","page","type-page","status-publish","hentry"],"_links":{"self":[{"href":"https:\/\/equality-horse.ch\/fr\/wp-json\/wp\/v2\/pages\/10","targetHints":{"allow":["GET"]}}],"collection":[{"href":"https:\/\/equality-horse.ch\/fr\/wp-json\/wp\/v2\/pages"}],"about":[{"href":"https:\/\/equality-horse.ch\/fr\/wp-json\/wp\/v2\/types\/page"}],"author":[{"embeddable":true,"href":"https:\/\/equality-horse.ch\/fr\/wp-json\/wp\/v2\/users\/1"}],"replies":[{"embeddable":true,"href":"https:\/\/equality-horse.ch\/fr\/wp-json\/wp\/v2\/comments?post=10"}],"version-history":[{"count":5,"href":"https:\/\/equality-horse.ch\/fr\/wp-json\/wp\/v2\/pages\/10\/revisions"}],"predecessor-version":[{"id":1451,"href":"https:\/\/equality-horse.ch\/fr\/wp-json\/wp\/v2\/pages\/10\/revisions\/1451"}],"up":[{"embeddable":true,"href":"https:\/\/equality-horse.ch\/fr\/wp-json\/wp\/v2\/pages\/7"}],"wp:attachment":[{"href":"https:\/\/equality-horse.ch\/fr\/wp-json\/wp\/v2\/media?parent=10"}],"curies":[{"name":"wp","href":"https:\/\/api.w.org\/{rel}","templated":true}]}}