{"id":1110,"date":"2025-03-31T09:51:24","date_gmt":"2025-03-31T09:51:24","guid":{"rendered":"https:\/\/equality-horse.ch\/?page_id=1110"},"modified":"2025-06-28T09:02:24","modified_gmt":"2025-06-28T09:02:24","slug":"bestseller-futterzusatz-lactanase-pro","status":"publish","type":"page","link":"https:\/\/equality-horse.ch\/fr\/bestseller-futterzusatz-lactanase-pro\/","title":{"rendered":"Lactanase Pro"},"content":{"rendered":"<div data-elementor-type=\"wp-page\" data-elementor-id=\"1110\" class=\"elementor elementor-1110\" data-elementor-settings=\"{&quot;element_pack_global_tooltip_width&quot;:{&quot;unit&quot;:&quot;px&quot;,&quot;size&quot;:&quot;&quot;,&quot;sizes&quot;:[]},&quot;element_pack_global_tooltip_width_tablet&quot;:{&quot;unit&quot;:&quot;px&quot;,&quot;size&quot;:&quot;&quot;,&quot;sizes&quot;:[]},&quot;element_pack_global_tooltip_width_mobile&quot;:{&quot;unit&quot;:&quot;px&quot;,&quot;size&quot;:&quot;&quot;,&quot;sizes&quot;:[]},&quot;element_pack_global_tooltip_padding&quot;:{&quot;unit&quot;:&quot;px&quot;,&quot;top&quot;:&quot;&quot;,&quot;right&quot;:&quot;&quot;,&quot;bottom&quot;:&quot;&quot;,&quot;left&quot;:&quot;&quot;,&quot;isLinked&quot;:true},&quot;element_pack_global_tooltip_padding_tablet&quot;:{&quot;unit&quot;:&quot;px&quot;,&quot;top&quot;:&quot;&quot;,&quot;right&quot;:&quot;&quot;,&quot;bottom&quot;:&quot;&quot;,&quot;left&quot;:&quot;&quot;,&quot;isLinked&quot;:true},&quot;element_pack_global_tooltip_padding_mobile&quot;:{&quot;unit&quot;:&quot;px&quot;,&quot;top&quot;:&quot;&quot;,&quot;right&quot;:&quot;&quot;,&quot;bottom&quot;:&quot;&quot;,&quot;left&quot;:&quot;&quot;,&quot;isLinked&quot;:true},&quot;element_pack_global_tooltip_border_radius&quot;:{&quot;unit&quot;:&quot;px&quot;,&quot;top&quot;:&quot;&quot;,&quot;right&quot;:&quot;&quot;,&quot;bottom&quot;:&quot;&quot;,&quot;left&quot;:&quot;&quot;,&quot;isLinked&quot;:true},&quot;element_pack_global_tooltip_border_radius_tablet&quot;:{&quot;unit&quot;:&quot;px&quot;,&quot;top&quot;:&quot;&quot;,&quot;right&quot;:&quot;&quot;,&quot;bottom&quot;:&quot;&quot;,&quot;left&quot;:&quot;&quot;,&quot;isLinked&quot;:true},&quot;element_pack_global_tooltip_border_radius_mobile&quot;:{&quot;unit&quot;:&quot;px&quot;,&quot;top&quot;:&quot;&quot;,&quot;right&quot;:&quot;&quot;,&quot;bottom&quot;:&quot;&quot;,&quot;left&quot;:&quot;&quot;,&quot;isLinked&quot;:true}}\" data-elementor-post-type=\"page\">\n\t\t\t\t<div data-dce-background-image-url=\"https:\/\/equality-horse.ch\/wp-content\/uploads\/2024\/06\/equality-horse-homescreen-2048x773.jpg\" data-dce-background-overlay-image-url=\"https:\/\/equality-horse.ch\/wp-content\/uploads\/2024\/06\/Ueberlagerung_blau-1536x839.png\" class=\"elementor-element elementor-element-3eb65fc animated-slow e-flex e-con-boxed elementor-invisible e-con e-parent\" data-id=\"3eb65fc\" data-element_type=\"container\" data-e-type=\"container\" data-settings=\"{&quot;background_background&quot;:&quot;classic&quot;,&quot;animation&quot;:&quot;fadeIn&quot;}\">\n\t\t\t\t\t<div class=\"e-con-inner\">\n\t\t\t\t<div class=\"elementor-element elementor-element-d67ca56 elementor-widget__width-inherit elementor-invisible elementor-widget elementor-widget-heading\" data-id=\"d67ca56\" data-element_type=\"widget\" data-e-type=\"widget\" data-settings=\"{&quot;_animation&quot;:&quot;fadeIn&quot;,&quot;_animation_delay&quot;:500}\" data-widget_type=\"heading.default\">\n\t\t\t\t<div class=\"elementor-widget-container\">\n\t\t\t\t\t<h1 class=\"elementor-heading-title elementor-size-default\">Lactanase Pro<\/h1>\t\t\t\t<\/div>\n\t\t\t\t<\/div>\n\t\t\t\t<div class=\"elementor-element elementor-element-0cd8720 elementor-widget__width-inherit elementor-invisible elementor-widget elementor-widget-heading\" data-id=\"0cd8720\" data-element_type=\"widget\" data-e-type=\"widget\" data-settings=\"{&quot;_animation&quot;:&quot;fadeIn&quot;,&quot;_animation_delay&quot;:1000}\" data-widget_type=\"heading.default\">\n\t\t\t\t<div class=\"elementor-widget-container\">\n\t\t\t\t\t<h2 class=\"elementor-heading-title elementor-size-default\">Id\u00e9al pour la r\u00e9g\u00e9n\u00e9ration musculaire des chevaux de sport*.<\/h2>\t\t\t\t<\/div>\n\t\t\t\t<\/div>\n\t\t\t\t\t<\/div>\n\t\t\t\t<\/div>\n\t\t<div data-dce-background-color=\"#d2d2d1\" data-dce-background-overlay-color=\"#D1D1D1\" class=\"elementor-element elementor-element-2e07ae1 e-flex e-con-boxed elementor-invisible e-con e-parent\" data-id=\"2e07ae1\" data-element_type=\"container\" data-e-type=\"container\" data-settings=\"{&quot;background_background&quot;:&quot;classic&quot;,&quot;animation&quot;:&quot;fadeIn&quot;,&quot;animation_delay&quot;:600}\">\n\t\t\t\t\t<div class=\"e-con-inner\">\n\t\t<div class=\"elementor-element elementor-element-883f9fd e-con-full e-flex e-con e-child\" data-id=\"883f9fd\" data-element_type=\"container\" data-e-type=\"container\">\n\t\t\t\t<div class=\"elementor-element elementor-element-de39155 elementor-widget elementor-widget-heading\" data-id=\"de39155\" data-element_type=\"widget\" data-e-type=\"widget\" data-widget_type=\"heading.default\">\n\t\t\t\t<div class=\"elementor-widget-container\">\n\t\t\t\t\t<h2 class=\"elementor-heading-title elementor-size-default\">Compl\u00e9ment alimentaire Lactanase Pro P\u00e2te <\/h2>\t\t\t\t<\/div>\n\t\t\t\t<\/div>\n\t\t\t\t<div class=\"elementor-element elementor-element-d9e3e9f elementor-widget elementor-widget-text-editor\" data-id=\"d9e3e9f\" data-element_type=\"widget\" data-e-type=\"widget\" data-widget_type=\"text-editor.default\">\n\t\t\t\t<div class=\"elementor-widget-container\">\n\t\t\t\t\t\t\t\t\t<p>*Dr. med. vet. Fabain Huwiler \/ V\u00e9t\u00e9rinaires Gross\u00e4cker recommande <span style=\"text-decoration: underline;\">Lactanse Pro<\/span> pour la r\u00e9g\u00e9n\u00e9ration musculaire.<\/p><p>Lactanase Pro est un compl\u00e9ment alimentaire qui apporte un soutien efficace \u00e0 tous les chevaux lors d'un effort physique intense, aussi bien pendant la phase de pr\u00e9paration que les jours de comp\u00e9tition.<\/p><p>Cette p\u00e2te favorise une r\u00e9cup\u00e9ration rapide et r\u00e9duit les tensions musculaires, ce qui est particuli\u00e8rement important lors de comp\u00e9titions ou de s\u00e9ances d'entra\u00eenement intensives.<\/p><p>Le cheval de sport est constamment soumis \u00e0 de fortes contraintes physiques et psychologiques. L'activit\u00e9 de comp\u00e9tition provoque chez le cheval un stress oxydatif qui a des effets n\u00e9gatifs sur sa sant\u00e9 et ses performances. Pour maintenir une condition physique optimale sur une longue p\u00e9riode, il est essentiel de maintenir l'\u00e9quilibre entre les oxydants et les antioxydants. La lactanase favorise une meilleure condition musculaire lors d'efforts importants.<\/p><p>Lactanase Pro d'Equality Horse est recommand\u00e9 par les v\u00e9t\u00e9rinaires de discipline Swiss Equestrian et a m\u00eame \u00e9t\u00e9 utilis\u00e9 aux Jeux olympiques de Paris pour apporter un soutien optimal aux chevaux.<\/p>\t\t\t\t\t\t\t\t<\/div>\n\t\t\t\t<\/div>\n\t\t\t\t<div class=\"elementor-element elementor-element-e77cbe9 elementor-widget elementor-widget-text-editor\" data-id=\"e77cbe9\" data-element_type=\"widget\" data-e-type=\"widget\" data-widget_type=\"text-editor.default\">\n\t\t\t\t<div class=\"elementor-widget-container\">\n\t\t\t\t\t\t\t\t\t<p><strong>Composition :<br \/><\/strong>saccharose, dextrose, fructose, acide lipo\u00efque, jus de melon concentr\u00e9 (extramel), \u00e9l\u00e9ments analytiques : humidit\u00e9 49,0 %, prot\u00e9ines brutes 1,0 %, graisses brutes 0,5 %, fibres brutes 0,5 %, cendres brutes 1,0 %, sodium 0,2 %<\/p><p><strong>Recommandation d'alimentation<br \/><\/strong>Avant la course : maximum 1 seringue par semaine et \/ ou le jour de la comp\u00e9tition 1 seringue - \u00e0 m\u00e9langer \u00e0 la ration alimentaire.<strong><br \/><\/strong><\/p>\t\t\t\t\t\t\t\t<\/div>\n\t\t\t\t<\/div>\n\t\t\t\t<div data-dce-background-color=\"#97A5C300\" class=\"elementor-element elementor-element-fbfd614 elementor-widget__width-auto elementor-widget elementor-widget-button\" data-id=\"fbfd614\" data-element_type=\"widget\" data-e-type=\"widget\" data-widget_type=\"button.default\">\n\t\t\t\t<div class=\"elementor-widget-container\">\n\t\t\t\t\t\t\t\t\t<div class=\"elementor-button-wrapper\">\n\t\t\t\t\t<a class=\"elementor-button elementor-button-link elementor-size-sm\" href=\"https:\/\/equality-horse.ch\/fr\/shop\/\">\n\t\t\t\t\t\t<span class=\"elementor-button-content-wrapper\">\n\t\t\t\t\t\t\t\t\t<span class=\"elementor-button-text\">Boutique<\/span>\n\t\t\t\t\t<\/span>\n\t\t\t\t\t<\/a>\n\t\t\t\t<\/div>\n\t\t\t\t\t\t\t\t<\/div>\n\t\t\t\t<\/div>\n\t\t\t\t<\/div>\n\t\t<div data-dce-background-image-url=\"https:\/\/equality-horse.ch\/wp-content\/uploads\/2024\/06\/LACTANASE.png\" class=\"elementor-element elementor-element-a0bb414 e-con-full elementor-hidden-mobile e-flex e-con e-child\" data-id=\"a0bb414\" data-element_type=\"container\" data-e-type=\"container\" data-settings=\"{&quot;background_background&quot;:&quot;classic&quot;}\">\n\t\t\t\t<\/div>\n\t\t\t\t\t<\/div>\n\t\t\t\t<\/div>\n\t\t\t\t<\/div>","protected":false},"excerpt":{"rendered":"<p>Lactanase Pro Ideal f\u00fcr die Muskelregeneration von Sportpferden* Futterzusatz Lactanase Pro Paste *Dr. med. vet. Fabain Huwiler \/ Tier\u00e4rzte Gross\u00e4cker empfiehlt Lactanse Pro zur Muskelregeneration. Lactanase Pro ist ein Erg\u00e4nzungsfuttermittel eine wirksame Unterst\u00fctzung f\u00fcr alle Pferde bei intensiver k\u00f6rperlicher Belastung, sowohl in der Vorbereitungsphase als auch an den Wettkampftagen. Die Paste f\u00f6rdert die schnelle Regeneration [&hellip;]<\/p>\n","protected":false},"author":1,"featured_media":0,"parent":0,"menu_order":0,"comment_status":"closed","ping_status":"closed","template":"","meta":{"footnotes":""},"class_list":["post-1110","page","type-page","status-publish","hentry"],"_links":{"self":[{"href":"https:\/\/equality-horse.ch\/fr\/wp-json\/wp\/v2\/pages\/1110","targetHints":{"allow":["GET"]}}],"collection":[{"href":"https:\/\/equality-horse.ch\/fr\/wp-json\/wp\/v2\/pages"}],"about":[{"href":"https:\/\/equality-horse.ch\/fr\/wp-json\/wp\/v2\/types\/page"}],"author":[{"embeddable":true,"href":"https:\/\/equality-horse.ch\/fr\/wp-json\/wp\/v2\/users\/1"}],"replies":[{"embeddable":true,"href":"https:\/\/equality-horse.ch\/fr\/wp-json\/wp\/v2\/comments?post=1110"}],"version-history":[{"count":5,"href":"https:\/\/equality-horse.ch\/fr\/wp-json\/wp\/v2\/pages\/1110\/revisions"}],"predecessor-version":[{"id":1305,"href":"https:\/\/equality-horse.ch\/fr\/wp-json\/wp\/v2\/pages\/1110\/revisions\/1305"}],"wp:attachment":[{"href":"https:\/\/equality-horse.ch\/fr\/wp-json\/wp\/v2\/media?parent=1110"}],"curies":[{"name":"wp","href":"https:\/\/api.w.org\/{rel}","templated":true}]}}