{"id":245,"date":"2024-06-21T11:16:21","date_gmt":"2024-06-21T11:16:21","guid":{"rendered":"https:\/\/equality-horse.ch\/?post_type=product&#038;p=245"},"modified":"2025-09-29T09:18:55","modified_gmt":"2025-09-29T09:18:55","slug":"lactanase-pro-paste-50g","status":"publish","type":"product","link":"https:\/\/equality-horse.ch\/fr\/shop\/lactanase-pro-paste-50g\/","title":{"rendered":"Lactanase Pro P\u00e2te 50g"},"content":{"rendered":"<p><strong>\"Id\u00e9al pour la r\u00e9g\u00e9n\u00e9ration musculaire des chevaux de sport !\"*<\/strong><br \/>\n*Dr. med. vet. Fabian Huwiler de Tier\u00e4rzte Gross\u00e4cker AG, 5644 Auw.<\/p>\n<p>La p\u00e2te de lactanase favorise une r\u00e9cup\u00e9ration rapide et r\u00e9duit les tensions musculaires, ce qui est particuli\u00e8rement important lors de comp\u00e9titions ou de s\u00e9ances d'entra\u00eenement intensives. Recommand\u00e9e par les v\u00e9t\u00e9rinaires disciplinaires de Swiss Equestrian.<\/p>\n<p>Lactanase est un compl\u00e9ment alimentaire et un soutien efficace pour tous les chevaux lors d'un effort physique intense ; aussi bien pendant la phase de pr\u00e9paration que les jours de comp\u00e9tition. Il aide \u00e0 pr\u00e9venir les tensions musculaires.<\/p>\n<p>Le cheval de sport est constamment soumis \u00e0 de fortes contraintes physiques et psychologiques. L'activit\u00e9 de comp\u00e9tition provoque chez le cheval un stress oxydatif qui a des effets n\u00e9gatifs sur la sant\u00e9 et les performances. Pour maintenir une condition physique optimale sur une longue p\u00e9riode, il est essentiel de maintenir l'\u00e9quilibre entre les oxydants et les antioxydants. La lactanase favorise une meilleure condition musculaire en cas d'effort important. La p\u00e2te de lactanase d'Equality-Horse a m\u00eame \u00e9t\u00e9 utilis\u00e9e lors des Jeux olympiques de Paris pour apporter un soutien optimal aux chevaux.<\/p>","protected":false},"excerpt":{"rendered":"<p>\"Id\u00e9al pour la r\u00e9g\u00e9n\u00e9ration musculaire des chevaux de sport !\" *Dr. med. vet. Fabian Huwiler de Tier\u00e4rzte Gross\u00e4cker AG, 5644 Auw.<\/p>\n<p>La p\u00e2te de lactanase favorise une r\u00e9cup\u00e9ration rapide et r\u00e9duit les tensions musculaires, ce qui est particuli\u00e8rement important lors de comp\u00e9titions ou de s\u00e9ances d'entra\u00eenement intensives. Recommand\u00e9e par les v\u00e9t\u00e9rinaires disciplinaires de Swiss Equestrian.<\/p>\n<p>Lactanase est un compl\u00e9ment alimentaire et constitue un soutien efficace pour tous les chevaux lors d'un effort physique intense ; aussi bien pendant la phase de pr\u00e9paration que les jours de comp\u00e9tition. Il aide \u00e0 pr\u00e9venir les tensions musculaires.<\/p>","protected":false},"featured_media":182,"template":"","meta":[],"product_brand":[],"product_cat":[15],"product_tag":[33],"class_list":{"0":"post-245","1":"product","2":"type-product","3":"status-publish","4":"has-post-thumbnail","6":"product_cat-pferd","7":"product_tag-bestseller","9":"first","10":"instock","11":"taxable","12":"shipping-taxable","13":"purchasable","14":"product-type-simple"},"_links":{"self":[{"href":"https:\/\/equality-horse.ch\/fr\/wp-json\/wp\/v2\/product\/245","targetHints":{"allow":["GET"]}}],"collection":[{"href":"https:\/\/equality-horse.ch\/fr\/wp-json\/wp\/v2\/product"}],"about":[{"href":"https:\/\/equality-horse.ch\/fr\/wp-json\/wp\/v2\/types\/product"}],"version-history":[{"count":5,"href":"https:\/\/equality-horse.ch\/fr\/wp-json\/wp\/v2\/product\/245\/revisions"}],"predecessor-version":[{"id":1349,"href":"https:\/\/equality-horse.ch\/fr\/wp-json\/wp\/v2\/product\/245\/revisions\/1349"}],"wp:featuredmedia":[{"embeddable":true,"href":"https:\/\/equality-horse.ch\/fr\/wp-json\/wp\/v2\/media\/182"}],"wp:attachment":[{"href":"https:\/\/equality-horse.ch\/fr\/wp-json\/wp\/v2\/media?parent=245"}],"wp:term":[{"taxonomy":"product_brand","embeddable":true,"href":"https:\/\/equality-horse.ch\/fr\/wp-json\/wp\/v2\/product_brand?post=245"},{"taxonomy":"product_cat","embeddable":true,"href":"https:\/\/equality-horse.ch\/fr\/wp-json\/wp\/v2\/product_cat?post=245"},{"taxonomy":"product_tag","embeddable":true,"href":"https:\/\/equality-horse.ch\/fr\/wp-json\/wp\/v2\/product_tag?post=245"}],"curies":[{"name":"wp","href":"https:\/\/api.w.org\/{rel}","templated":true}]}}