{"id":343,"date":"2024-06-20T08:16:09","date_gmt":"2024-06-20T08:16:09","guid":{"rendered":"https:\/\/equality-horse.ch\/?post_type=product&#038;p=343"},"modified":"2025-07-30T14:17:44","modified_gmt":"2025-07-30T14:17:44","slug":"fast-pro-2kg","status":"publish","type":"product","link":"https:\/\/equality-horse.ch\/fr\/shop\/fast-pro-2kg\/","title":{"rendered":"Fast Pro 2kg"},"content":{"rendered":"<p>Aide en cas de coliques et d'eaux f\u00e9cales ! Fast Pro aide \u00e0 maintenir le syst\u00e8me digestif pleinement fonctionnel gr\u00e2ce aux postbiotiques qu'il contient. Il soutient la diversit\u00e9 microbienne de l'intestin et aide \u00e0 \u00e9viter les d\u00e9s\u00e9quilibres et les troubles qui en d\u00e9coulent. Fast Pro favorise la digestion, peut lutter contre les inflammations et aide \u00e0 stimuler la production de la muqueuse protectrice.<\/p>\n<p>Le processus de digestion du cheval est fondamentalement divis\u00e9 en deux parties : d'abord la digestion enzymatique puis la digestion fermentative. Il est donc tr\u00e8s important d'avoir un tractus gastro-intestinal en bonne sant\u00e9. Un d\u00e9s\u00e9quilibre entre les enzymes digestives et la flore intestinale naturelle provoque des probl\u00e8mes intestinaux qui se traduisent par une digestion incompl\u00e8te et une malabsorption.<\/p>\n<p>Peut \u00eatre utile en cas de coliques et d'eau de bouse.<\/p>\n<p>Recommandation d'alimentation Cheval (500kg) : 60g (2 cuill\u00e8res de mesure) \/ Poulain : 30g (1 cuill\u00e8re de mesure) par jour<\/p>","protected":false},"excerpt":{"rendered":"<p>aide en cas de coliques et d'eau de bouse !<\/p>\n<p>Fast Pro aide \u00e0 maintenir le syst\u00e8me digestif pleinement fonctionnel gr\u00e2ce aux postbiotiques qu'il contient. Il soutient la diversit\u00e9 microbienne de l'intestin et aide \u00e0 \u00e9viter les d\u00e9s\u00e9quilibres et les troubles qui en d\u00e9coulent.<\/p>","protected":false},"featured_media":393,"template":"","meta":[],"product_brand":[],"product_cat":[15],"product_tag":[33],"class_list":{"0":"post-343","1":"product","2":"type-product","3":"status-publish","4":"has-post-thumbnail","6":"product_cat-pferd","7":"product_tag-bestseller","9":"first","10":"instock","11":"taxable","12":"shipping-taxable","13":"purchasable","14":"product-type-simple"},"_links":{"self":[{"href":"https:\/\/equality-horse.ch\/fr\/wp-json\/wp\/v2\/product\/343","targetHints":{"allow":["GET"]}}],"collection":[{"href":"https:\/\/equality-horse.ch\/fr\/wp-json\/wp\/v2\/product"}],"about":[{"href":"https:\/\/equality-horse.ch\/fr\/wp-json\/wp\/v2\/types\/product"}],"version-history":[{"count":5,"href":"https:\/\/equality-horse.ch\/fr\/wp-json\/wp\/v2\/product\/343\/revisions"}],"predecessor-version":[{"id":1048,"href":"https:\/\/equality-horse.ch\/fr\/wp-json\/wp\/v2\/product\/343\/revisions\/1048"}],"wp:featuredmedia":[{"embeddable":true,"href":"https:\/\/equality-horse.ch\/fr\/wp-json\/wp\/v2\/media\/393"}],"wp:attachment":[{"href":"https:\/\/equality-horse.ch\/fr\/wp-json\/wp\/v2\/media?parent=343"}],"wp:term":[{"taxonomy":"product_brand","embeddable":true,"href":"https:\/\/equality-horse.ch\/fr\/wp-json\/wp\/v2\/product_brand?post=343"},{"taxonomy":"product_cat","embeddable":true,"href":"https:\/\/equality-horse.ch\/fr\/wp-json\/wp\/v2\/product_cat?post=343"},{"taxonomy":"product_tag","embeddable":true,"href":"https:\/\/equality-horse.ch\/fr\/wp-json\/wp\/v2\/product_tag?post=343"}],"curies":[{"name":"wp","href":"https:\/\/api.w.org\/{rel}","templated":true}]}}