{"id":345,"date":"2024-06-20T08:22:50","date_gmt":"2024-06-20T08:22:50","guid":{"rendered":"https:\/\/equality-horse.ch\/?post_type=product&#038;p=345"},"modified":"2025-07-30T14:17:05","modified_gmt":"2025-07-30T14:17:05","slug":"lamicur-pellets-2kg","status":"publish","type":"product","link":"https:\/\/equality-horse.ch\/fr\/shop\/lamicur-pellets-2kg\/","title":{"rendered":"Lamicur pellets 2kg"},"content":{"rendered":"<p>Pour des sabots sains et forts ! Ce compl\u00e9ment alimentaire pour chevaux aide \u00e0 am\u00e9liorer la circulation sanguine et peut ainsi r\u00e9duire les inflammations, notamment au niveau des sabots. Le produit contient du cassis (diur\u00e9tique et antioxydant) et du curcuma ferment\u00e9. Les aliments ferment\u00e9s aident \u00e0 d\u00e9velopper la flore intestinale et favorisent ainsi une bonne digestion.<\/p>\n<p>Recommandation d'alimentation Cheval (500kg) : 50g (1 mesure) par jour - \u00e0 m\u00e9langer avec la ration quotidienne.<\/p>","protected":false},"excerpt":{"rendered":"<p>aide le sabot<\/p>\n<p>Ce compl\u00e9ment alimentaire pour chevaux aide \u00e0 am\u00e9liorer la circulation sanguine et peut ainsi r\u00e9duire les inflammations, notamment au niveau des sabots. Le produit contient du cassis (diur\u00e9tique et antioxydant) et du curcuma ferment\u00e9. Les aliments ferment\u00e9s aident \u00e0 d\u00e9velopper la flore intestinale et favorisent ainsi une bonne digestion.<\/p>","protected":false},"featured_media":394,"template":"","meta":[],"product_brand":[],"product_cat":[15],"product_tag":[],"class_list":{"0":"post-345","1":"product","2":"type-product","3":"status-publish","4":"has-post-thumbnail","6":"product_cat-pferd","8":"first","9":"instock","10":"taxable","11":"shipping-taxable","12":"purchasable","13":"product-type-simple"},"_links":{"self":[{"href":"https:\/\/equality-horse.ch\/fr\/wp-json\/wp\/v2\/product\/345","targetHints":{"allow":["GET"]}}],"collection":[{"href":"https:\/\/equality-horse.ch\/fr\/wp-json\/wp\/v2\/product"}],"about":[{"href":"https:\/\/equality-horse.ch\/fr\/wp-json\/wp\/v2\/types\/product"}],"version-history":[{"count":5,"href":"https:\/\/equality-horse.ch\/fr\/wp-json\/wp\/v2\/product\/345\/revisions"}],"predecessor-version":[{"id":1051,"href":"https:\/\/equality-horse.ch\/fr\/wp-json\/wp\/v2\/product\/345\/revisions\/1051"}],"wp:featuredmedia":[{"embeddable":true,"href":"https:\/\/equality-horse.ch\/fr\/wp-json\/wp\/v2\/media\/394"}],"wp:attachment":[{"href":"https:\/\/equality-horse.ch\/fr\/wp-json\/wp\/v2\/media?parent=345"}],"wp:term":[{"taxonomy":"product_brand","embeddable":true,"href":"https:\/\/equality-horse.ch\/fr\/wp-json\/wp\/v2\/product_brand?post=345"},{"taxonomy":"product_cat","embeddable":true,"href":"https:\/\/equality-horse.ch\/fr\/wp-json\/wp\/v2\/product_cat?post=345"},{"taxonomy":"product_tag","embeddable":true,"href":"https:\/\/equality-horse.ch\/fr\/wp-json\/wp\/v2\/product_tag?post=345"}],"curies":[{"name":"wp","href":"https:\/\/api.w.org\/{rel}","templated":true}]}}