{"id":347,"date":"2024-06-20T08:27:20","date_gmt":"2024-06-20T08:27:20","guid":{"rendered":"https:\/\/equality-horse.ch\/?post_type=product&#038;p=347"},"modified":"2025-07-30T14:16:43","modified_gmt":"2025-07-30T14:16:43","slug":"be-kalm-pellets-3kg","status":"publish","type":"product","link":"https:\/\/equality-horse.ch\/fr\/shop\/be-kalm-pellets-3kg\/","title":{"rendered":"Be Kalm pellets 3kg"},"content":{"rendered":"<p>En cas de situations stressantes comme les transports ! Be Kalm peut soulager les \u00e9tats d'excitation du cheval et aide en cas de stress ou d'anxi\u00e9t\u00e9. Il d\u00e9tend les muscles et stimule le syst\u00e8me immunitaire. Be Kalm contient des extraits de plantes ferment\u00e9es, des antioxydants de l'olivier, des extraits d'Aspergillus Oryzae et de l'\u00e9corce d'Ulmus Rubra.<\/p>\n<p>Recommandation d'alimentation Cheval (500kg) : 50g, poulain : 25g par jour<\/p>","protected":false},"excerpt":{"rendered":"<p>aide en cas de situations stressantes !<\/p>\n<p>Peut soulager les \u00e9tats d'excitation du cheval et aide en cas de stress ou d'anxi\u00e9t\u00e9, par exemple lors des transports. Aide \u00e0 d\u00e9tendre les muscles et stimule le syst\u00e8me immunitaire.<\/p>","protected":false},"featured_media":331,"template":"","meta":[],"product_brand":[],"product_cat":[15],"product_tag":[],"class_list":{"0":"post-347","1":"product","2":"type-product","3":"status-publish","4":"has-post-thumbnail","6":"product_cat-pferd","8":"first","9":"instock","10":"taxable","11":"shipping-taxable","12":"purchasable","13":"product-type-simple"},"_links":{"self":[{"href":"https:\/\/equality-horse.ch\/fr\/wp-json\/wp\/v2\/product\/347","targetHints":{"allow":["GET"]}}],"collection":[{"href":"https:\/\/equality-horse.ch\/fr\/wp-json\/wp\/v2\/product"}],"about":[{"href":"https:\/\/equality-horse.ch\/fr\/wp-json\/wp\/v2\/types\/product"}],"version-history":[{"count":5,"href":"https:\/\/equality-horse.ch\/fr\/wp-json\/wp\/v2\/product\/347\/revisions"}],"predecessor-version":[{"id":1054,"href":"https:\/\/equality-horse.ch\/fr\/wp-json\/wp\/v2\/product\/347\/revisions\/1054"}],"wp:featuredmedia":[{"embeddable":true,"href":"https:\/\/equality-horse.ch\/fr\/wp-json\/wp\/v2\/media\/331"}],"wp:attachment":[{"href":"https:\/\/equality-horse.ch\/fr\/wp-json\/wp\/v2\/media?parent=347"}],"wp:term":[{"taxonomy":"product_brand","embeddable":true,"href":"https:\/\/equality-horse.ch\/fr\/wp-json\/wp\/v2\/product_brand?post=347"},{"taxonomy":"product_cat","embeddable":true,"href":"https:\/\/equality-horse.ch\/fr\/wp-json\/wp\/v2\/product_cat?post=347"},{"taxonomy":"product_tag","embeddable":true,"href":"https:\/\/equality-horse.ch\/fr\/wp-json\/wp\/v2\/product_tag?post=347"}],"curies":[{"name":"wp","href":"https:\/\/api.w.org\/{rel}","templated":true}]}}