{"id":351,"date":"2024-06-20T08:38:37","date_gmt":"2024-06-20T08:38:37","guid":{"rendered":"https:\/\/equality-horse.ch\/?post_type=product&#038;p=351"},"modified":"2025-07-30T14:15:41","modified_gmt":"2025-07-30T14:15:41","slug":"lasi-resp-advanced-paste-50g","status":"publish","type":"product","link":"https:\/\/equality-horse.ch\/fr\/shop\/lasi-resp-advanced-paste-50g\/","title":{"rendered":"Lasi Resp Advanced P\u00e2te 50g"},"content":{"rendered":"<p>Pour des poumons forts chez les chevaux sportifs ! Lasi Resp Advanced est particuli\u00e8rement adapt\u00e9 aux chevaux de sport - notamment ceux qui sont r\u00e9guli\u00e8rement soumis \u00e0 des efforts de courte dur\u00e9e mais de haute intensit\u00e9. Il aide \u00e0 lutter contre les \u00e9pisodes d'h\u00e9morragie pulmonaire (EIPH). Ses composants peuvent en outre contribuer \u00e0 r\u00e9duire la pression art\u00e9rielle.<\/p>\n<p>Recommandation d'alimentation Cheval (500kg) : 60g par jour 5 heures avant la comp\u00e9tition. Ne pas laisser d'eau \u00e0 disposition apr\u00e8s l'administration.<\/p>","protected":false},"excerpt":{"rendered":"<p>pour des poumons forts !<\/p>\n<p>Lasi Resp Advanced est un compl\u00e9ment alimentaire particuli\u00e8rement adapt\u00e9 aux chevaux de sport - notamment ceux qui sont r\u00e9guli\u00e8rement soumis \u00e0 des efforts de courte dur\u00e9e mais de forte intensit\u00e9.<\/p>","protected":false},"featured_media":333,"template":"","meta":[],"product_brand":[],"product_cat":[15],"product_tag":[],"class_list":{"0":"post-351","1":"product","2":"type-product","3":"status-publish","4":"has-post-thumbnail","6":"product_cat-pferd","8":"first","9":"instock","10":"taxable","11":"shipping-taxable","12":"purchasable","13":"product-type-simple"},"_links":{"self":[{"href":"https:\/\/equality-horse.ch\/fr\/wp-json\/wp\/v2\/product\/351","targetHints":{"allow":["GET"]}}],"collection":[{"href":"https:\/\/equality-horse.ch\/fr\/wp-json\/wp\/v2\/product"}],"about":[{"href":"https:\/\/equality-horse.ch\/fr\/wp-json\/wp\/v2\/types\/product"}],"version-history":[{"count":5,"href":"https:\/\/equality-horse.ch\/fr\/wp-json\/wp\/v2\/product\/351\/revisions"}],"predecessor-version":[{"id":1057,"href":"https:\/\/equality-horse.ch\/fr\/wp-json\/wp\/v2\/product\/351\/revisions\/1057"}],"wp:featuredmedia":[{"embeddable":true,"href":"https:\/\/equality-horse.ch\/fr\/wp-json\/wp\/v2\/media\/333"}],"wp:attachment":[{"href":"https:\/\/equality-horse.ch\/fr\/wp-json\/wp\/v2\/media?parent=351"}],"wp:term":[{"taxonomy":"product_brand","embeddable":true,"href":"https:\/\/equality-horse.ch\/fr\/wp-json\/wp\/v2\/product_brand?post=351"},{"taxonomy":"product_cat","embeddable":true,"href":"https:\/\/equality-horse.ch\/fr\/wp-json\/wp\/v2\/product_cat?post=351"},{"taxonomy":"product_tag","embeddable":true,"href":"https:\/\/equality-horse.ch\/fr\/wp-json\/wp\/v2\/product_tag?post=351"}],"curies":[{"name":"wp","href":"https:\/\/api.w.org\/{rel}","templated":true}]}}