{"id":353,"date":"2024-06-20T08:42:40","date_gmt":"2024-06-20T08:42:40","guid":{"rendered":"https:\/\/equality-horse.ch\/?post_type=product&#038;p=353"},"modified":"2025-07-30T14:15:17","modified_gmt":"2025-07-30T14:15:17","slug":"aminoplus-paste-50g","status":"publish","type":"product","link":"https:\/\/equality-horse.ch\/fr\/shop\/aminoplus-paste-50g\/","title":{"rendered":"P\u00e2te Aminoplus 50g"},"content":{"rendered":"<p>Booste le m\u00e9tabolisme ! Les acides amin\u00e9s boostent tous les processus m\u00e9taboliques du corps. Ils forment de nouveaux tissus pour les muscles, les organes, les cheveux et la peau. Les acides amin\u00e9s jouent \u00e9galement un r\u00f4le important dans la formation des os et le syst\u00e8me immunitaire. La p\u00e2te Aminoplus est un compl\u00e9ment alimentaire pour chevaux.<\/p>\n<p>Recommandation alimentaire pour le cheval (500kg) : 50g par jour.<\/p>","protected":false},"excerpt":{"rendered":"<p>booste le m\u00e9tabolisme !<\/p>\n<p><span class=\"ILfuVd\" lang=\"de\"><span class=\"hgKElc\">Les acides amin\u00e9s stimulent tous les processus m\u00e9taboliques du corps. Ils forment de nouveaux tissus pour les muscles, les organes, les cheveux et la peau. Les acides amin\u00e9s jouent \u00e9galement un r\u00f4le important dans la formation des os et dans le syst\u00e8me immunitaire. <\/span><\/span>Aminoplus P\u00e2te est un compl\u00e9ment alimentaire pour chevaux.<\/p>","protected":false},"featured_media":369,"template":"","meta":[],"product_brand":[],"product_cat":[15],"product_tag":[33],"class_list":{"0":"post-353","1":"product","2":"type-product","3":"status-publish","4":"has-post-thumbnail","6":"product_cat-pferd","7":"product_tag-bestseller","9":"first","10":"instock","11":"taxable","12":"shipping-taxable","13":"purchasable","14":"product-type-simple"},"_links":{"self":[{"href":"https:\/\/equality-horse.ch\/fr\/wp-json\/wp\/v2\/product\/353","targetHints":{"allow":["GET"]}}],"collection":[{"href":"https:\/\/equality-horse.ch\/fr\/wp-json\/wp\/v2\/product"}],"about":[{"href":"https:\/\/equality-horse.ch\/fr\/wp-json\/wp\/v2\/types\/product"}],"version-history":[{"count":5,"href":"https:\/\/equality-horse.ch\/fr\/wp-json\/wp\/v2\/product\/353\/revisions"}],"predecessor-version":[{"id":1059,"href":"https:\/\/equality-horse.ch\/fr\/wp-json\/wp\/v2\/product\/353\/revisions\/1059"}],"wp:featuredmedia":[{"embeddable":true,"href":"https:\/\/equality-horse.ch\/fr\/wp-json\/wp\/v2\/media\/369"}],"wp:attachment":[{"href":"https:\/\/equality-horse.ch\/fr\/wp-json\/wp\/v2\/media?parent=353"}],"wp:term":[{"taxonomy":"product_brand","embeddable":true,"href":"https:\/\/equality-horse.ch\/fr\/wp-json\/wp\/v2\/product_brand?post=353"},{"taxonomy":"product_cat","embeddable":true,"href":"https:\/\/equality-horse.ch\/fr\/wp-json\/wp\/v2\/product_cat?post=353"},{"taxonomy":"product_tag","embeddable":true,"href":"https:\/\/equality-horse.ch\/fr\/wp-json\/wp\/v2\/product_tag?post=353"}],"curies":[{"name":"wp","href":"https:\/\/api.w.org\/{rel}","templated":true}]}}