{"id":971,"date":"2024-08-21T10:43:50","date_gmt":"2024-08-21T10:43:50","guid":{"rendered":"https:\/\/equality-horse.ch\/?post_type=product&#038;p=971"},"modified":"2025-08-03T19:40:00","modified_gmt":"2025-08-03T19:40:00","slug":"aminoplus-paste-50g-kopie","status":"publish","type":"product","link":"https:\/\/equality-horse.ch\/fr\/shop\/aminoplus-paste-50g-kopie\/","title":{"rendered":"P\u00e2te SaveGard 50g"},"content":{"rendered":"<p>En cas de coliques et d'eaux f\u00e9cales ! Savegard est un compl\u00e9ment alimentaire et a un effet positif sur la flore intestinale, favorise le d\u00e9veloppement de bact\u00e9ries intestinales positives et peut pr\u00e9venir les modifications n\u00e9gatives de la muqueuse gastrique. Les ingr\u00e9dients agissent au niveau du syst\u00e8me digestif et peuvent contribuer au bien-\u00eatre de l'appareil digestif des chevaux.<\/p>\n<p>Recommandation d'alimentation : cheval (500 kg) : 50 g par jour, poulain : 25 g par jour<\/p>","protected":false},"excerpt":{"rendered":"<p>en cas de coliques et d'eaux f\u00e9cales !<\/p>\n<p>Savegard est un aliment compl\u00e9mentaire qui a un effet positif sur la flore intestinale, favorise le d\u00e9veloppement de bact\u00e9ries intestinales positives et peut pr\u00e9venir les modifications n\u00e9gatives de la muqueuse gastrique. Les ingr\u00e9dients agissent au niveau du syst\u00e8me digestif et peuvent contribuer au bien-\u00eatre de l'appareil digestif des chevaux. Peut \u00eatre utile en cas de coliques et d'eaux f\u00e9cales.<\/p>","protected":false},"featured_media":972,"template":"","meta":[],"product_brand":[],"product_cat":[15],"product_tag":[],"class_list":{"0":"post-971","1":"product","2":"type-product","3":"status-publish","4":"has-post-thumbnail","6":"product_cat-pferd","8":"first","9":"instock","10":"taxable","11":"shipping-taxable","12":"purchasable","13":"product-type-simple"},"_links":{"self":[{"href":"https:\/\/equality-horse.ch\/fr\/wp-json\/wp\/v2\/product\/971","targetHints":{"allow":["GET"]}}],"collection":[{"href":"https:\/\/equality-horse.ch\/fr\/wp-json\/wp\/v2\/product"}],"about":[{"href":"https:\/\/equality-horse.ch\/fr\/wp-json\/wp\/v2\/types\/product"}],"version-history":[{"count":5,"href":"https:\/\/equality-horse.ch\/fr\/wp-json\/wp\/v2\/product\/971\/revisions"}],"predecessor-version":[{"id":1062,"href":"https:\/\/equality-horse.ch\/fr\/wp-json\/wp\/v2\/product\/971\/revisions\/1062"}],"wp:featuredmedia":[{"embeddable":true,"href":"https:\/\/equality-horse.ch\/fr\/wp-json\/wp\/v2\/media\/972"}],"wp:attachment":[{"href":"https:\/\/equality-horse.ch\/fr\/wp-json\/wp\/v2\/media?parent=971"}],"wp:term":[{"taxonomy":"product_brand","embeddable":true,"href":"https:\/\/equality-horse.ch\/fr\/wp-json\/wp\/v2\/product_brand?post=971"},{"taxonomy":"product_cat","embeddable":true,"href":"https:\/\/equality-horse.ch\/fr\/wp-json\/wp\/v2\/product_cat?post=971"},{"taxonomy":"product_tag","embeddable":true,"href":"https:\/\/equality-horse.ch\/fr\/wp-json\/wp\/v2\/product_tag?post=971"}],"curies":[{"name":"wp","href":"https:\/\/api.w.org\/{rel}","templated":true}]}}