{"id":1110,"date":"2025-03-31T09:51:24","date_gmt":"2025-03-31T09:51:24","guid":{"rendered":"https:\/\/equality-horse.ch\/?page_id=1110"},"modified":"2025-06-28T09:02:24","modified_gmt":"2025-06-28T09:02:24","slug":"bestseller-futterzusatz-lactanase-pro","status":"publish","type":"page","link":"https:\/\/equality-horse.ch\/it\/bestseller-futterzusatz-lactanase-pro\/","title":{"rendered":"Lattanasi Pro"},"content":{"rendered":"<div data-elementor-type=\"wp-page\" data-elementor-id=\"1110\" class=\"elementor elementor-1110\" data-elementor-settings=\"{&quot;element_pack_global_tooltip_width&quot;:{&quot;unit&quot;:&quot;px&quot;,&quot;size&quot;:&quot;&quot;,&quot;sizes&quot;:[]},&quot;element_pack_global_tooltip_width_tablet&quot;:{&quot;unit&quot;:&quot;px&quot;,&quot;size&quot;:&quot;&quot;,&quot;sizes&quot;:[]},&quot;element_pack_global_tooltip_width_mobile&quot;:{&quot;unit&quot;:&quot;px&quot;,&quot;size&quot;:&quot;&quot;,&quot;sizes&quot;:[]},&quot;element_pack_global_tooltip_padding&quot;:{&quot;unit&quot;:&quot;px&quot;,&quot;top&quot;:&quot;&quot;,&quot;right&quot;:&quot;&quot;,&quot;bottom&quot;:&quot;&quot;,&quot;left&quot;:&quot;&quot;,&quot;isLinked&quot;:true},&quot;element_pack_global_tooltip_padding_tablet&quot;:{&quot;unit&quot;:&quot;px&quot;,&quot;top&quot;:&quot;&quot;,&quot;right&quot;:&quot;&quot;,&quot;bottom&quot;:&quot;&quot;,&quot;left&quot;:&quot;&quot;,&quot;isLinked&quot;:true},&quot;element_pack_global_tooltip_padding_mobile&quot;:{&quot;unit&quot;:&quot;px&quot;,&quot;top&quot;:&quot;&quot;,&quot;right&quot;:&quot;&quot;,&quot;bottom&quot;:&quot;&quot;,&quot;left&quot;:&quot;&quot;,&quot;isLinked&quot;:true},&quot;element_pack_global_tooltip_border_radius&quot;:{&quot;unit&quot;:&quot;px&quot;,&quot;top&quot;:&quot;&quot;,&quot;right&quot;:&quot;&quot;,&quot;bottom&quot;:&quot;&quot;,&quot;left&quot;:&quot;&quot;,&quot;isLinked&quot;:true},&quot;element_pack_global_tooltip_border_radius_tablet&quot;:{&quot;unit&quot;:&quot;px&quot;,&quot;top&quot;:&quot;&quot;,&quot;right&quot;:&quot;&quot;,&quot;bottom&quot;:&quot;&quot;,&quot;left&quot;:&quot;&quot;,&quot;isLinked&quot;:true},&quot;element_pack_global_tooltip_border_radius_mobile&quot;:{&quot;unit&quot;:&quot;px&quot;,&quot;top&quot;:&quot;&quot;,&quot;right&quot;:&quot;&quot;,&quot;bottom&quot;:&quot;&quot;,&quot;left&quot;:&quot;&quot;,&quot;isLinked&quot;:true}}\" data-elementor-post-type=\"page\">\n\t\t\t\t<div data-dce-background-image-url=\"https:\/\/equality-horse.ch\/wp-content\/uploads\/2024\/06\/equality-horse-homescreen-2048x773.jpg\" data-dce-background-overlay-image-url=\"https:\/\/equality-horse.ch\/wp-content\/uploads\/2024\/06\/Ueberlagerung_blau-1536x839.png\" class=\"elementor-element elementor-element-3eb65fc animated-slow e-flex e-con-boxed elementor-invisible e-con e-parent\" data-id=\"3eb65fc\" data-element_type=\"container\" data-e-type=\"container\" data-settings=\"{&quot;background_background&quot;:&quot;classic&quot;,&quot;animation&quot;:&quot;fadeIn&quot;}\">\n\t\t\t\t\t<div class=\"e-con-inner\">\n\t\t\t\t<div class=\"elementor-element elementor-element-d67ca56 elementor-widget__width-inherit elementor-invisible elementor-widget elementor-widget-heading\" data-id=\"d67ca56\" data-element_type=\"widget\" data-e-type=\"widget\" data-settings=\"{&quot;_animation&quot;:&quot;fadeIn&quot;,&quot;_animation_delay&quot;:500}\" data-widget_type=\"heading.default\">\n\t\t\t\t<div class=\"elementor-widget-container\">\n\t\t\t\t\t<h1 class=\"elementor-heading-title elementor-size-default\">Lattanasi Pro<\/h1>\t\t\t\t<\/div>\n\t\t\t\t<\/div>\n\t\t\t\t<div class=\"elementor-element elementor-element-0cd8720 elementor-widget__width-inherit elementor-invisible elementor-widget elementor-widget-heading\" data-id=\"0cd8720\" data-element_type=\"widget\" data-e-type=\"widget\" data-settings=\"{&quot;_animation&quot;:&quot;fadeIn&quot;,&quot;_animation_delay&quot;:1000}\" data-widget_type=\"heading.default\">\n\t\t\t\t<div class=\"elementor-widget-container\">\n\t\t\t\t\t<h2 class=\"elementor-heading-title elementor-size-default\">Ideale per la rigenerazione muscolare nei cavalli sportivi*<\/h2>\t\t\t\t<\/div>\n\t\t\t\t<\/div>\n\t\t\t\t\t<\/div>\n\t\t\t\t<\/div>\n\t\t<div data-dce-background-color=\"#d2d2d1\" data-dce-background-overlay-color=\"#D1D1D1\" class=\"elementor-element elementor-element-2e07ae1 e-flex e-con-boxed elementor-invisible e-con e-parent\" data-id=\"2e07ae1\" data-element_type=\"container\" data-e-type=\"container\" data-settings=\"{&quot;background_background&quot;:&quot;classic&quot;,&quot;animation&quot;:&quot;fadeIn&quot;,&quot;animation_delay&quot;:600}\">\n\t\t\t\t\t<div class=\"e-con-inner\">\n\t\t<div class=\"elementor-element elementor-element-883f9fd e-con-full e-flex e-con e-child\" data-id=\"883f9fd\" data-element_type=\"container\" data-e-type=\"container\">\n\t\t\t\t<div class=\"elementor-element elementor-element-de39155 elementor-widget elementor-widget-heading\" data-id=\"de39155\" data-element_type=\"widget\" data-e-type=\"widget\" data-widget_type=\"heading.default\">\n\t\t\t\t<div class=\"elementor-widget-container\">\n\t\t\t\t\t<h2 class=\"elementor-heading-title elementor-size-default\">Additivo per mangimi Lactanase Pro Paste <\/h2>\t\t\t\t<\/div>\n\t\t\t\t<\/div>\n\t\t\t\t<div class=\"elementor-element elementor-element-d9e3e9f elementor-widget elementor-widget-text-editor\" data-id=\"d9e3e9f\" data-element_type=\"widget\" data-e-type=\"widget\" data-widget_type=\"text-editor.default\">\n\t\t\t\t<div class=\"elementor-widget-container\">\n\t\t\t\t\t\t\t\t\t<p>*Il dott. Fabain Huwiler \/ Veterinari Gross\u00e4cker consiglia <span style=\"text-decoration: underline;\">Lactanse Pro<\/span> per la rigenerazione muscolare.<\/p><p>Lactanase Pro \u00e8 un integratore alimentare che fornisce un supporto efficace a tutti i cavalli durante lo sforzo fisico intenso, sia nella fase di preparazione che nei giorni di gara.<\/p><p>La pasta favorisce una rapida rigenerazione e riduce la tensione muscolare, particolarmente importante durante le competizioni o gli allenamenti intensivi.<\/p><p>I cavalli sportivi sono costantemente esposti a livelli elevati di stress fisico e mentale. L'attivit\u00e0 agonistica provoca nel cavallo uno stress ossidativo con effetti negativi sulla salute e sulle prestazioni. Il mantenimento dell'equilibrio tra ossidanti e antiossidanti \u00e8 essenziale per mantenere una condizione fisica ottimale per un lungo periodo di tempo. La lattanasi favorisce una migliore condizione muscolare durante l'esercizio fisico intenso.<\/p><p>Lactanase Pro di Equality Horse \u00e8 raccomandato dai veterinari della disciplina Swiss Equestrian ed \u00e8 stato utilizzato anche ai Giochi Olimpici di Parigi per fornire un supporto ottimale ai cavalli.<\/p>\t\t\t\t\t\t\t\t<\/div>\n\t\t\t\t<\/div>\n\t\t\t\t<div class=\"elementor-element elementor-element-e77cbe9 elementor-widget elementor-widget-text-editor\" data-id=\"e77cbe9\" data-element_type=\"widget\" data-e-type=\"widget\" data-widget_type=\"text-editor.default\">\n\t\t\t\t<div class=\"elementor-widget-container\">\n\t\t\t\t\t\t\t\t\t<p><strong>Composizione:<br \/><\/strong>Saccarosio, destrosio, fruttosio, acido lipoico, succo concentrato di melone (Extramel), costituenti analitici: Umidit\u00e0 49,0 %, proteina grezza 1,0 %, grassi grezzi 0,5 %, fibra grezza 0,5 %, ceneri grezze 1,0 %, sodio 0,2 %<\/p><p><strong>Raccomandazioni per l'alimentazione<br \/><\/strong>Prima della gara: massimo 1 iniezione a settimana e\/o 1 iniezione il giorno della gara - da mescolare alla razione alimentare.<strong><br \/><\/strong><\/p>\t\t\t\t\t\t\t\t<\/div>\n\t\t\t\t<\/div>\n\t\t\t\t<div data-dce-background-color=\"#97A5C300\" class=\"elementor-element elementor-element-fbfd614 elementor-widget__width-auto elementor-widget elementor-widget-button\" data-id=\"fbfd614\" data-element_type=\"widget\" data-e-type=\"widget\" data-widget_type=\"button.default\">\n\t\t\t\t<div class=\"elementor-widget-container\">\n\t\t\t\t\t\t\t\t\t<div class=\"elementor-button-wrapper\">\n\t\t\t\t\t<a class=\"elementor-button elementor-button-link elementor-size-sm\" href=\"https:\/\/equality-horse.ch\/it\/shop\/\">\n\t\t\t\t\t\t<span class=\"elementor-button-content-wrapper\">\n\t\t\t\t\t\t\t\t\t<span class=\"elementor-button-text\">Negozio<\/span>\n\t\t\t\t\t<\/span>\n\t\t\t\t\t<\/a>\n\t\t\t\t<\/div>\n\t\t\t\t\t\t\t\t<\/div>\n\t\t\t\t<\/div>\n\t\t\t\t<\/div>\n\t\t<div data-dce-background-image-url=\"https:\/\/equality-horse.ch\/wp-content\/uploads\/2024\/06\/LACTANASE.png\" class=\"elementor-element elementor-element-a0bb414 e-con-full elementor-hidden-mobile e-flex e-con e-child\" data-id=\"a0bb414\" data-element_type=\"container\" data-e-type=\"container\" data-settings=\"{&quot;background_background&quot;:&quot;classic&quot;}\">\n\t\t\t\t<\/div>\n\t\t\t\t\t<\/div>\n\t\t\t\t<\/div>\n\t\t\t\t<\/div>","protected":false},"excerpt":{"rendered":"<p>Lactanase Pro Ideal f\u00fcr die Muskelregeneration von Sportpferden* Futterzusatz Lactanase Pro Paste *Dr. med. vet. Fabain Huwiler \/ Tier\u00e4rzte Gross\u00e4cker empfiehlt Lactanse Pro zur Muskelregeneration. Lactanase Pro ist ein Erg\u00e4nzungsfuttermittel eine wirksame Unterst\u00fctzung f\u00fcr alle Pferde bei intensiver k\u00f6rperlicher Belastung, sowohl in der Vorbereitungsphase als auch an den Wettkampftagen. Die Paste f\u00f6rdert die schnelle Regeneration [&hellip;]<\/p>\n","protected":false},"author":1,"featured_media":0,"parent":0,"menu_order":0,"comment_status":"closed","ping_status":"closed","template":"","meta":{"footnotes":""},"class_list":["post-1110","page","type-page","status-publish","hentry"],"_links":{"self":[{"href":"https:\/\/equality-horse.ch\/it\/wp-json\/wp\/v2\/pages\/1110","targetHints":{"allow":["GET"]}}],"collection":[{"href":"https:\/\/equality-horse.ch\/it\/wp-json\/wp\/v2\/pages"}],"about":[{"href":"https:\/\/equality-horse.ch\/it\/wp-json\/wp\/v2\/types\/page"}],"author":[{"embeddable":true,"href":"https:\/\/equality-horse.ch\/it\/wp-json\/wp\/v2\/users\/1"}],"replies":[{"embeddable":true,"href":"https:\/\/equality-horse.ch\/it\/wp-json\/wp\/v2\/comments?post=1110"}],"version-history":[{"count":5,"href":"https:\/\/equality-horse.ch\/it\/wp-json\/wp\/v2\/pages\/1110\/revisions"}],"predecessor-version":[{"id":1305,"href":"https:\/\/equality-horse.ch\/it\/wp-json\/wp\/v2\/pages\/1110\/revisions\/1305"}],"wp:attachment":[{"href":"https:\/\/equality-horse.ch\/it\/wp-json\/wp\/v2\/media?parent=1110"}],"curies":[{"name":"wp","href":"https:\/\/api.w.org\/{rel}","templated":true}]}}