{"id":337,"date":"2024-06-20T07:54:40","date_gmt":"2024-06-20T07:54:40","guid":{"rendered":"https:\/\/equality-horse.ch\/?post_type=product&#038;p=337"},"modified":"2025-07-30T14:18:50","modified_gmt":"2025-07-30T14:18:50","slug":"myristol-pellets-2kg","status":"publish","type":"product","link":"https:\/\/equality-horse.ch\/it\/shop\/myristol-pellets-2kg\/","title":{"rendered":"Pellet di miristolo 2 kg"},"content":{"rendered":"<p>Per ossa forti e articolazioni sane! Formula specifica per cavalli. Supporta l'apparato muscolo-scheletrico in caso di sforzi pesanti e sollecitazioni. Aiuta a ripristinare la mobilit\u00e0 e la flessibilit\u00e0, ma pu\u00f2 anche essere utile a livello profilattico. In combinazione con una dieta attenta e l'esercizio fisico, Myristol \u00e8 un integratore alimentare ideale e aiuta a tenere sotto controllo l'usura delle articolazioni, soprattutto nelle razze a rischio di artrite. Gli ingredienti contribuiscono ad alleviare il dolore e l'infiammazione.<\/p>\n<p>Raccomandazione di alimentazione per cavalli (500 kg): 60 g al giorno.<\/p>","protected":false},"excerpt":{"rendered":"<p>per ossa forti e articolazioni sane<\/p>\n<p>Formula specifica per cavalli. Supporta l'apparato muscolo-scheletrico in caso di sforzi pesanti e sollecitazioni. Pu\u00f2 aiutare a ripristinare la mobilit\u00e0 e la flessibilit\u00e0, ma anche a livello profilattico. In combinazione con una dieta attenta e l'esercizio fisico, Myristol \u00e8 un integratore alimentare ideale e pu\u00f2 aiutare a controllare l'usura delle articolazioni, soprattutto nelle razze a rischio di artrite. Gli ingredienti contribuiscono ad alleviare il dolore e l'infiammazione.<\/p>","protected":false},"featured_media":326,"template":"","meta":[],"product_brand":[],"product_cat":[15],"product_tag":[],"class_list":{"0":"post-337","1":"product","2":"type-product","3":"status-publish","4":"has-post-thumbnail","6":"product_cat-pferd","8":"first","9":"instock","10":"taxable","11":"shipping-taxable","12":"purchasable","13":"product-type-simple"},"_links":{"self":[{"href":"https:\/\/equality-horse.ch\/it\/wp-json\/wp\/v2\/product\/337","targetHints":{"allow":["GET"]}}],"collection":[{"href":"https:\/\/equality-horse.ch\/it\/wp-json\/wp\/v2\/product"}],"about":[{"href":"https:\/\/equality-horse.ch\/it\/wp-json\/wp\/v2\/types\/product"}],"version-history":[{"count":5,"href":"https:\/\/equality-horse.ch\/it\/wp-json\/wp\/v2\/product\/337\/revisions"}],"predecessor-version":[{"id":1066,"href":"https:\/\/equality-horse.ch\/it\/wp-json\/wp\/v2\/product\/337\/revisions\/1066"}],"wp:featuredmedia":[{"embeddable":true,"href":"https:\/\/equality-horse.ch\/it\/wp-json\/wp\/v2\/media\/326"}],"wp:attachment":[{"href":"https:\/\/equality-horse.ch\/it\/wp-json\/wp\/v2\/media?parent=337"}],"wp:term":[{"taxonomy":"product_brand","embeddable":true,"href":"https:\/\/equality-horse.ch\/it\/wp-json\/wp\/v2\/product_brand?post=337"},{"taxonomy":"product_cat","embeddable":true,"href":"https:\/\/equality-horse.ch\/it\/wp-json\/wp\/v2\/product_cat?post=337"},{"taxonomy":"product_tag","embeddable":true,"href":"https:\/\/equality-horse.ch\/it\/wp-json\/wp\/v2\/product_tag?post=337"}],"curies":[{"name":"wp","href":"https:\/\/api.w.org\/{rel}","templated":true}]}}